{"id":106,"date":"2019-11-22T10:08:23","date_gmt":"2019-11-22T09:08:23","guid":{"rendered":"https:\/\/neustrelitz-evangelisch.de\/?page_id=106"},"modified":"2021-11-15T14:18:01","modified_gmt":"2021-11-15T13:18:01","slug":"altstrelitz-st-georgs-kirche","status":"publish","type":"page","link":"https:\/\/neustrelitz-evangelisch.de\/index.php\/altstrelitz-st-georgs-kirche\/","title":{"rendered":"Altstrelitz &#8211; St.-Georgs-Kirche"},"content":{"rendered":"\n<p>Die durch handschriftliche Aufzeichnungen belegte Geschichte der Evangelisch-Lutherischen Kirchgemeinde von Altstrelitz reicht zur\u00fcck bis in die Zeit der Reformation. Der letzte katholische Priester,  Johann Thome  (auch Dam\u00e9 und Dames geschrieben), sei unter dem Einfluss der neuen Lehre der erste lutherische Pfarrer dieser Stadt geworden, wird berichtet.<\/p>\n\n\n\n<p>In Folge von Seuchen und gro\u00dfer Verluste an Menschen im Verlauf des Siebenj\u00e4hrigen Krieges verloren einige umliegende Orte ihre Bedeutung und damit auch ihre Selbst\u00e4ndigkeit und geh\u00f6ren seitdem als Filialgemeinden zur Altstrelitzer Kirchgemeinde.<br><br>Nach dem Schlossbrand 1701 und der \u00dcbersiedlung des Herzogs in das neu gegr\u00fcndete \u201eNeu-Strelitz\u201c wurde dann Altstrelitz zur Ackerb\u00fcrgerstadt und letztlich 1931 ein Stadtteil von Neustrelitz.<\/p>\n\n\n\n<figure class=\"wp-block-image size-large is-resized\"><a href=\"https:\/\/neustrelitz-evangelisch.de\/wp-content\/uploads\/2020\/02\/altstrelitz-kirche.jpg\" target=\"_blank\" rel=\"noreferrer noopener\"><img decoding=\"async\" loading=\"lazy\" src=\"https:\/\/neustrelitz-evangelisch.de\/wp-content\/uploads\/2020\/02\/altstrelitz-kirche-1024x576.jpg\" alt=\"\" class=\"wp-image-417\" width=\"1024\" height=\"576\" srcset=\"https:\/\/neustrelitz-evangelisch.de\/wp-content\/uploads\/2020\/02\/altstrelitz-kirche-1024x576.jpg 1024w, https:\/\/neustrelitz-evangelisch.de\/wp-content\/uploads\/2020\/02\/altstrelitz-kirche-300x169.jpg 300w, https:\/\/neustrelitz-evangelisch.de\/wp-content\/uploads\/2020\/02\/altstrelitz-kirche-768x432.jpg 768w, https:\/\/neustrelitz-evangelisch.de\/wp-content\/uploads\/2020\/02\/altstrelitz-kirche-1536x864.jpg 1536w, https:\/\/neustrelitz-evangelisch.de\/wp-content\/uploads\/2020\/02\/altstrelitz-kirche.jpg 1920w\" sizes=\"(max-width: 1024px) 100vw, 1024px\" \/><\/a><\/figure>\n\n\n\n<p>Ein besonders tiefer Einschnitt f\u00fcr das Gemeindeleben war 1945 die Vernichtung der gro\u00dfen Kirche St. Marien und der gesamten Innenstadt durch Brandstiftung. Erst 1959 konnte die Gemeinde die neu errichtete St.-Georgs-Kirche einweihen.<\/p>\n\n\n\n<p> Zur Kirchgemeinde geh\u00f6rten die Kirchen in Gro\u00df Quassow, Klein Trebbow und Userin sowie die Orte bzw. Ortsteile Lindenberg, Useriner M\u00fchle, Vo\u00dfwinkel, Buchenhorst, Drewin und Gro\u00df Trebbow.<\/p>\n\n\n\n<figure class=\"wp-block-image size-large is-resized\"><a href=\"https:\/\/neustrelitz-evangelisch.de\/wp-content\/uploads\/2020\/06\/altstrelitz-schoepfungsfenster.jpg\" target=\"_blank\" rel=\"noopener noreferrer\"><img decoding=\"async\" src=\"https:\/\/neustrelitz-evangelisch.de\/wp-content\/uploads\/2020\/06\/altstrelitz-schoepfungsfenster-683x1024.jpg\" alt=\"Sch\u00f6pfungsfenster der Kirche in Altstrelitz\" class=\"wp-image-479\" width=\"360\" srcset=\"https:\/\/neustrelitz-evangelisch.de\/wp-content\/uploads\/2020\/06\/altstrelitz-schoepfungsfenster-683x1024.jpg 683w, https:\/\/neustrelitz-evangelisch.de\/wp-content\/uploads\/2020\/06\/altstrelitz-schoepfungsfenster-200x300.jpg 200w, https:\/\/neustrelitz-evangelisch.de\/wp-content\/uploads\/2020\/06\/altstrelitz-schoepfungsfenster-768x1152.jpg 768w, https:\/\/neustrelitz-evangelisch.de\/wp-content\/uploads\/2020\/06\/altstrelitz-schoepfungsfenster.jpg 800w\" sizes=\"(max-width: 683px) 100vw, 683px\" \/><\/a><figcaption><em>Sch\u00f6pfungsfenster der Kirche in Altstrelitz<\/em><\/figcaption><\/figure>\n\n\n\n<p>Sie verwaltet auch die Friedh\u00f6fe in Dabelow, Drewin, Klein Trebbow, F\u00fcrstensee, Pr\u00e4lank, Userin, Vosswinkel, Wokuhl und Zierke. F\u00fcr diese besteht die unter \u201eFriedh\u00f6fe&#8221; einsehbare Friedhofsordnung sowie die Friedhofsgeb\u00fchrenordnung.<\/p>\n\n\n\n<p>\n\nMit Wirkung vom 1. August 2008 wurde die Kirchgemeinde Wokuhl mit der Kirchgemeinde Alt Strelitz verbunden. \nWokuhl wurde zur ruhenden Pfarrstelle erkl\u00e4rt.<\/p>\n\n\n\n<p> Zum 01. Mai 2009 wurde aus den Kirchgemeinden Altstrelitz, Wokuhl, Stadtkirchgemeinde Neustrelitz und Zierke in einem gro\u00dfen, gemeinsamem Gottesdienst am 23. Mai 2009 (Kantate) in der Kirche in Wokuhl die Ev.-Luth. Kirchengemeinde Strelitzer Land. <\/p>\n\n\n\n<p>Die <a href=\"https:\/\/neustrelitz-evangelisch.de\/index.php\/die-orgel-der-st-georgskirche-in-alt-strelitz\/\">Orgel<\/a><\/p>\n","protected":false},"excerpt":{"rendered":"<p>Die durch handschriftliche Aufzeichnungen belegte Geschichte der Evangelisch-Lutherischen Kirchgemeinde von Altstrelitz reicht zur\u00fcck bis in die Zeit der Reformation. Der letzte katholische Priester, Johann Thome (auch Dam\u00e9 und Dames geschrieben), sei unter dem Einfluss der neuen Lehre der erste lutherische Pfarrer dieser Stadt geworden, wird berichtet. In Folge von Seuchen und gro\u00dfer Verluste an Menschen [&hellip;]<\/p>\n","protected":false},"author":1,"featured_media":0,"parent":0,"menu_order":0,"comment_status":"closed","ping_status":"closed","template":"","meta":[],"_links":{"self":[{"href":"https:\/\/neustrelitz-evangelisch.de\/index.php\/wp-json\/wp\/v2\/pages\/106"}],"collection":[{"href":"https:\/\/neustrelitz-evangelisch.de\/index.php\/wp-json\/wp\/v2\/pages"}],"about":[{"href":"https:\/\/neustrelitz-evangelisch.de\/index.php\/wp-json\/wp\/v2\/types\/page"}],"author":[{"embeddable":true,"href":"https:\/\/neustrelitz-evangelisch.de\/index.php\/wp-json\/wp\/v2\/users\/1"}],"replies":[{"embeddable":true,"href":"https:\/\/neustrelitz-evangelisch.de\/index.php\/wp-json\/wp\/v2\/comments?post=106"}],"version-history":[{"count":20,"href":"https:\/\/neustrelitz-evangelisch.de\/index.php\/wp-json\/wp\/v2\/pages\/106\/revisions"}],"predecessor-version":[{"id":1940,"href":"https:\/\/neustrelitz-evangelisch.de\/index.php\/wp-json\/wp\/v2\/pages\/106\/revisions\/1940"}],"wp:attachment":[{"href":"https:\/\/neustrelitz-evangelisch.de\/index.php\/wp-json\/wp\/v2\/media?parent=106"}],"curies":[{"name":"wp","href":"https:\/\/api.w.org\/{rel}","templated":true}]}}