{"id":11,"date":"2019-11-21T08:50:58","date_gmt":"2019-11-21T07:50:58","guid":{"rendered":"https:\/\/neustrelitz-evangelisch.de\/?page_id=11"},"modified":"2020-07-04T21:25:57","modified_gmt":"2020-07-04T20:25:57","slug":"kirchenmusik","status":"publish","type":"page","link":"https:\/\/neustrelitz-evangelisch.de\/index.php\/kirchenmusik\/","title":{"rendered":"Kirchenmusik"},"content":{"rendered":"\n<p>Liebe Besucherinnen und Besucher,<\/p>\n\n\n\n<p>auf\nden folgenden Seiten k\u00f6nnen Sie sich einen \u00dcberblick \u00fcber die\nvielf\u00e4ltige Kirchenmusik in Neustrelitz verschaffen. Egal ob Sie\nzuh\u00f6ren oder mitmachen wollen: informieren Sie sich und kommen Sie\nvorbei oder sprechen Sie uns an!<\/p>\n\n\n\n<p>Ihr Kantor<br><em>Lukas Storch<\/em><\/p>\n","protected":false},"excerpt":{"rendered":"<p>Liebe Besucherinnen und Besucher, auf den folgenden Seiten k\u00f6nnen Sie sich einen \u00dcberblick \u00fcber die vielf\u00e4ltige Kirchenmusik in Neustrelitz verschaffen. Egal ob Sie zuh\u00f6ren oder mitmachen wollen: informieren Sie sich und kommen Sie vorbei oder sprechen Sie uns an! Ihr KantorLukas Storch<\/p>\n","protected":false},"author":1,"featured_media":0,"parent":0,"menu_order":0,"comment_status":"closed","ping_status":"closed","template":"","meta":{"footnotes":""},"class_list":["post-11","page","type-page","status-publish","hentry"],"_links":{"self":[{"href":"https:\/\/neustrelitz-evangelisch.de\/index.php\/wp-json\/wp\/v2\/pages\/11","targetHints":{"allow":["GET"]}}],"collection":[{"href":"https:\/\/neustrelitz-evangelisch.de\/index.php\/wp-json\/wp\/v2\/pages"}],"about":[{"href":"https:\/\/neustrelitz-evangelisch.de\/index.php\/wp-json\/wp\/v2\/types\/page"}],"author":[{"embeddable":true,"href":"https:\/\/neustrelitz-evangelisch.de\/index.php\/wp-json\/wp\/v2\/users\/1"}],"replies":[{"embeddable":true,"href":"https:\/\/neustrelitz-evangelisch.de\/index.php\/wp-json\/wp\/v2\/comments?post=11"}],"version-history":[{"count":4,"href":"https:\/\/neustrelitz-evangelisch.de\/index.php\/wp-json\/wp\/v2\/pages\/11\/revisions"}],"predecessor-version":[{"id":780,"href":"https:\/\/neustrelitz-evangelisch.de\/index.php\/wp-json\/wp\/v2\/pages\/11\/revisions\/780"}],"wp:attachment":[{"href":"https:\/\/neustrelitz-evangelisch.de\/index.php\/wp-json\/wp\/v2\/media?parent=11"}],"curies":[{"name":"wp","href":"https:\/\/api.w.org\/{rel}","templated":true}]}}