{"id":111,"date":"2019-11-22T10:09:19","date_gmt":"2019-11-22T09:09:19","guid":{"rendered":"https:\/\/neustrelitz-evangelisch.de\/?page_id=111"},"modified":"2021-11-15T14:06:58","modified_gmt":"2021-11-15T13:06:58","slug":"neustrelitz-kiefernheide","status":"publish","type":"page","link":"https:\/\/neustrelitz-evangelisch.de\/index.php\/neustrelitz-kiefernheide\/","title":{"rendered":"Kiefernheide"},"content":{"rendered":"\n<h2><strong>Geschichtlicher Abriss der  Kirchengemeinde Neustrelitz-Kiefernheide und der Kirche<\/strong><\/h2>\n\n\n\n<div class=\"wp-block-image\"><figure class=\"alignright size-large is-resized\"><a href=\"https:\/\/neustrelitz-evangelisch.de\/wp-content\/uploads\/2020\/06\/kiefernheide-kirche.jpg\" target=\"_blank\" rel=\"noopener noreferrer\"><img decoding=\"async\" src=\"https:\/\/neustrelitz-evangelisch.de\/wp-content\/uploads\/2020\/06\/kiefernheide-kirche-1024x731.jpg\" alt=\"\" class=\"wp-image-494\" width=\"360\" srcset=\"https:\/\/neustrelitz-evangelisch.de\/wp-content\/uploads\/2020\/06\/kiefernheide-kirche-1024x731.jpg 1024w, https:\/\/neustrelitz-evangelisch.de\/wp-content\/uploads\/2020\/06\/kiefernheide-kirche-300x214.jpg 300w, https:\/\/neustrelitz-evangelisch.de\/wp-content\/uploads\/2020\/06\/kiefernheide-kirche-768x549.jpg 768w, https:\/\/neustrelitz-evangelisch.de\/wp-content\/uploads\/2020\/06\/kiefernheide-kirche-1536x1097.jpg 1536w, https:\/\/neustrelitz-evangelisch.de\/wp-content\/uploads\/2020\/06\/kiefernheide-kirche.jpg 1680w\" sizes=\"(max-width: 1024px) 100vw, 1024px\" \/><\/a><\/figure><\/div>\n\n\n\n<p>\u2022 Nach 1945 war die F\u00fcrsorge f\u00fcr Fl\u00fcchtlingsfamilien ein Schwerpunkt der kirchlichen Arbeit im Stadtteil Kiefernheide. In den 70er Jahren wurde ein gro\u00dfes Neubaugebiet erschlossen und ca. 8000 Menschen siedelten sich hier neu an.  <\/p>\n\n\n\n<p>\u2022 Am 27. Oktober 1957 wurde eine Holzkirchenbaracke in der heutigen Goethestra\u00dfe eingeweiht.<\/p>\n\n\n\n<p>\u2022 Von 1990 bis 1991 errichtete man das Pfarrhaus mit einem kleinen Gemeinde- und Gottesdienstraum im Kellerbereich.  <\/p>\n\n\n\n<p>\u2022 Am 01. Januar 1994 wurde die selbstst\u00e4ndige Kirchengemeinde Neustrelitz- Kiefernheide gegr\u00fcndet.<\/p>\n\n\n\n<p>\u2022 Von 1997 bis 1998 baute man, nach Abriss der Kirchenbaracke, ein neues Kirchengemeindehaus, welches am 05. April 1998 feierlich er\u00f6ffnet wurde.<br>Im Jahr 2016 erfolgte durch den Kirchenkreisrat die Einordnung des Geb\u00e4udes als Kirche.  <\/p>\n\n\n\n<p>\u2022 Im August 2019 bekam die Kirchenfront einen kr\u00e4ftig-gelben Anstrich und es wurde die Schrift \u201eEvangelisch-Lutherische Kirche Kiefernheide\u201c angebracht.  <\/p>\n\n\n\n<p>Die <a href=\"https:\/\/neustrelitz-evangelisch.de\/index.php\/die-orgel-in-kiefernheide\/\">Orgel<\/a> <\/p>\n","protected":false},"excerpt":{"rendered":"<p>Geschichtlicher Abriss der Kirchengemeinde Neustrelitz-Kiefernheide und der Kirche \u2022 Nach 1945 war die F\u00fcrsorge f\u00fcr Fl\u00fcchtlingsfamilien ein Schwerpunkt der kirchlichen Arbeit im Stadtteil Kiefernheide. In den 70er Jahren wurde ein gro\u00dfes Neubaugebiet erschlossen und ca. 8000 Menschen siedelten sich hier neu an. \u2022 Am 27. Oktober 1957 wurde eine Holzkirchenbaracke in der heutigen Goethestra\u00dfe eingeweiht. [&hellip;]<\/p>\n","protected":false},"author":1,"featured_media":0,"parent":0,"menu_order":0,"comment_status":"closed","ping_status":"closed","template":"","meta":[],"_links":{"self":[{"href":"https:\/\/neustrelitz-evangelisch.de\/index.php\/wp-json\/wp\/v2\/pages\/111"}],"collection":[{"href":"https:\/\/neustrelitz-evangelisch.de\/index.php\/wp-json\/wp\/v2\/pages"}],"about":[{"href":"https:\/\/neustrelitz-evangelisch.de\/index.php\/wp-json\/wp\/v2\/types\/page"}],"author":[{"embeddable":true,"href":"https:\/\/neustrelitz-evangelisch.de\/index.php\/wp-json\/wp\/v2\/users\/1"}],"replies":[{"embeddable":true,"href":"https:\/\/neustrelitz-evangelisch.de\/index.php\/wp-json\/wp\/v2\/comments?post=111"}],"version-history":[{"count":9,"href":"https:\/\/neustrelitz-evangelisch.de\/index.php\/wp-json\/wp\/v2\/pages\/111\/revisions"}],"predecessor-version":[{"id":1933,"href":"https:\/\/neustrelitz-evangelisch.de\/index.php\/wp-json\/wp\/v2\/pages\/111\/revisions\/1933"}],"wp:attachment":[{"href":"https:\/\/neustrelitz-evangelisch.de\/index.php\/wp-json\/wp\/v2\/media?parent=111"}],"curies":[{"name":"wp","href":"https:\/\/api.w.org\/{rel}","templated":true}]}}