{"id":117,"date":"2019-11-22T10:09:55","date_gmt":"2019-11-22T09:09:55","guid":{"rendered":"https:\/\/neustrelitz-evangelisch.de\/?page_id=117"},"modified":"2021-11-10T16:41:03","modified_gmt":"2021-11-10T15:41:03","slug":"dabelow","status":"publish","type":"page","link":"https:\/\/neustrelitz-evangelisch.de\/index.php\/dabelow\/","title":{"rendered":"Dabelow"},"content":{"rendered":"\n<figure class=\"wp-block-image size-large\"><a href=\"https:\/\/neustrelitz-evangelisch.de\/wp-content\/uploads\/2020\/02\/dabelow-kirche.jpg\" target=\"_blank\" rel=\"noreferrer noopener\"><img decoding=\"async\" loading=\"lazy\" width=\"683\" height=\"1024\" src=\"https:\/\/neustrelitz-evangelisch.de\/wp-content\/uploads\/2020\/02\/dabelow-kirche-683x1024.jpg\" alt=\"\" class=\"wp-image-414\" srcset=\"https:\/\/neustrelitz-evangelisch.de\/wp-content\/uploads\/2020\/02\/dabelow-kirche-683x1024.jpg 683w, https:\/\/neustrelitz-evangelisch.de\/wp-content\/uploads\/2020\/02\/dabelow-kirche-200x300.jpg 200w, https:\/\/neustrelitz-evangelisch.de\/wp-content\/uploads\/2020\/02\/dabelow-kirche.jpg 720w\" sizes=\"(max-width: 683px) 100vw, 683px\" \/><\/a><\/figure>\n\n\n\n<p>Das Dorf wird bereits 1286 erw\u00e4hnt. Zu dieser Zeit verleiht Markgraf Albrecht den Johannitern zu Mirow das Eigentumsrecht an diesem Dorf. Sp\u00e4ter wurde es Besitz des Herzogs.<\/p>\n\n\n\n<p>Im 30-j\u00e4hrigen Krieg brannte das Dorf sowie Pfarrhof und Kirche, wie viele andere in dieser Gegend, ab. Zu dieser Zeit war es also bereits Pfarrort. Es geh\u00f6rte zum Beispiel Godendorf zu dieser Pfarre. Als Pastor ist Simon Stadius verzeichnet, der in sp\u00e4teren Jahren in Strasen Dienst tat.<\/p>\n\n\n\n<p>Nach Krieg und Pest war die kleine Gemeinde \u00fcber Jahrzehnte ohne Kirche und ohne Pastor. Bei einer Visitation im Jahr 1664 war schlie\u00dflich festzustellen, dass die Alten des Ortes sich nicht erinnern konnten, dass man sie unterrichtet oder ihr Wissen zum Katechismus gepr\u00fcft habe. Eine Kirche war zu der Zeit nicht vorhanden. Offenbar war der Pastor von F\u00fcrstenberg zu dieser Zeit f\u00fcr Dabelow zust\u00e4ndig. <\/p>\n\n\n\n<p>Als schlie\u00dflich 1704 wieder eine Pfarre eingerichtet werden sollte, weigerte sich die Gemeinde, die Baupflichten zu \u00fcbernehmen, die damit verbunden waren. So wurde Dabelow 1736 der neu errichteten Gemeinde in Wokuhl zugeordnet.<\/p>\n\n\n\n<p>Es handelt sich bei der jetztigen Kirche um einen rechteckigen Fachwerkbau aus dem 19. Jahrhundert von Friedrich Wilhelm Buttel (1796-1869). Nach einem Werksverzeichnis in den Jahren 1854 und 1855 erbaut.<\/p>\n","protected":false},"excerpt":{"rendered":"<p>Das Dorf wird bereits 1286 erw\u00e4hnt. Zu dieser Zeit verleiht Markgraf Albrecht den Johannitern zu Mirow das Eigentumsrecht an diesem Dorf. Sp\u00e4ter wurde es Besitz des Herzogs. Im 30-j\u00e4hrigen Krieg brannte das Dorf sowie Pfarrhof und Kirche, wie viele andere in dieser Gegend, ab. Zu dieser Zeit war es also bereits Pfarrort. Es geh\u00f6rte zum [&hellip;]<\/p>\n","protected":false},"author":1,"featured_media":0,"parent":0,"menu_order":0,"comment_status":"closed","ping_status":"closed","template":"","meta":[],"_links":{"self":[{"href":"https:\/\/neustrelitz-evangelisch.de\/index.php\/wp-json\/wp\/v2\/pages\/117"}],"collection":[{"href":"https:\/\/neustrelitz-evangelisch.de\/index.php\/wp-json\/wp\/v2\/pages"}],"about":[{"href":"https:\/\/neustrelitz-evangelisch.de\/index.php\/wp-json\/wp\/v2\/types\/page"}],"author":[{"embeddable":true,"href":"https:\/\/neustrelitz-evangelisch.de\/index.php\/wp-json\/wp\/v2\/users\/1"}],"replies":[{"embeddable":true,"href":"https:\/\/neustrelitz-evangelisch.de\/index.php\/wp-json\/wp\/v2\/comments?post=117"}],"version-history":[{"count":4,"href":"https:\/\/neustrelitz-evangelisch.de\/index.php\/wp-json\/wp\/v2\/pages\/117\/revisions"}],"predecessor-version":[{"id":1922,"href":"https:\/\/neustrelitz-evangelisch.de\/index.php\/wp-json\/wp\/v2\/pages\/117\/revisions\/1922"}],"wp:attachment":[{"href":"https:\/\/neustrelitz-evangelisch.de\/index.php\/wp-json\/wp\/v2\/media?parent=117"}],"curies":[{"name":"wp","href":"https:\/\/api.w.org\/{rel}","templated":true}]}}