{"id":119,"date":"2019-11-22T10:10:07","date_gmt":"2019-11-22T09:10:07","guid":{"rendered":"https:\/\/neustrelitz-evangelisch.de\/?page_id=119"},"modified":"2021-11-10T16:42:31","modified_gmt":"2021-11-10T15:42:31","slug":"fuerstensee","status":"publish","type":"page","link":"https:\/\/neustrelitz-evangelisch.de\/index.php\/fuerstensee\/","title":{"rendered":"F\u00fcrstensee"},"content":{"rendered":"\n<div class=\"wp-block-image\"><figure class=\"alignright size-large\"><a href=\"https:\/\/neustrelitz-evangelisch.de\/wp-content\/uploads\/2020\/06\/fuerstensee-kirche.jpg\" target=\"_blank\" rel=\"noopener noreferrer\"><img loading=\"lazy\" decoding=\"async\" width=\"1024\" height=\"683\" src=\"https:\/\/neustrelitz-evangelisch.de\/wp-content\/uploads\/2020\/06\/fuerstensee-kirche-1024x683.jpg\" alt=\"\" class=\"wp-image-485\" srcset=\"https:\/\/neustrelitz-evangelisch.de\/wp-content\/uploads\/2020\/06\/fuerstensee-kirche-1024x683.jpg 1024w, https:\/\/neustrelitz-evangelisch.de\/wp-content\/uploads\/2020\/06\/fuerstensee-kirche-300x200.jpg 300w, https:\/\/neustrelitz-evangelisch.de\/wp-content\/uploads\/2020\/06\/fuerstensee-kirche-768x512.jpg 768w, https:\/\/neustrelitz-evangelisch.de\/wp-content\/uploads\/2020\/06\/fuerstensee-kirche-1536x1024.jpg 1536w, https:\/\/neustrelitz-evangelisch.de\/wp-content\/uploads\/2020\/06\/fuerstensee-kirche.jpg 1800w\" sizes=\"auto, (max-width: 1024px) 100vw, 1024px\" \/><\/a><\/figure><\/div>\n\n\n\n<p>Seit 1287 ist F\u00fcrstensee eine selbstst\u00e4ndige Pfarre mit Priester. Aus den Aufzeichnungen des Jahres 1568 erf\u00e4hrt man, dass es sp\u00e4ter zu Strelitz geh\u00f6rte.<br> <br>Die jetzige Kirche wurde 1779 fertiggestellt. Der rechteckige Fachwerkbau ist mit einem Schiefer bedeckten Turm versehen. Die Westseite der Kirche ist nachtr\u00e4glich massiv gemauert worden.<br> <br>Besonders auff\u00e4llig sind die auf dem ehemaligen Friedhof zahlreich vorhandenen schmiedeeisernen Kreuze, die aus den Jahren 1822 bis 1898 stammen.<\/p>\n","protected":false},"excerpt":{"rendered":"<p>Seit 1287 ist F\u00fcrstensee eine selbstst\u00e4ndige Pfarre mit Priester. Aus den Aufzeichnungen des Jahres 1568 erf\u00e4hrt man, dass es sp\u00e4ter zu Strelitz geh\u00f6rte. Die jetzige Kirche wurde 1779 fertiggestellt. Der rechteckige Fachwerkbau ist mit einem Schiefer bedeckten Turm versehen. Die Westseite der Kirche ist nachtr\u00e4glich massiv gemauert worden. Besonders auff\u00e4llig sind die auf dem ehemaligen [&hellip;]<\/p>\n","protected":false},"author":1,"featured_media":0,"parent":0,"menu_order":0,"comment_status":"closed","ping_status":"closed","template":"","meta":{"footnotes":""},"class_list":["post-119","page","type-page","status-publish","hentry"],"_links":{"self":[{"href":"https:\/\/neustrelitz-evangelisch.de\/index.php\/wp-json\/wp\/v2\/pages\/119","targetHints":{"allow":["GET"]}}],"collection":[{"href":"https:\/\/neustrelitz-evangelisch.de\/index.php\/wp-json\/wp\/v2\/pages"}],"about":[{"href":"https:\/\/neustrelitz-evangelisch.de\/index.php\/wp-json\/wp\/v2\/types\/page"}],"author":[{"embeddable":true,"href":"https:\/\/neustrelitz-evangelisch.de\/index.php\/wp-json\/wp\/v2\/users\/1"}],"replies":[{"embeddable":true,"href":"https:\/\/neustrelitz-evangelisch.de\/index.php\/wp-json\/wp\/v2\/comments?post=119"}],"version-history":[{"count":4,"href":"https:\/\/neustrelitz-evangelisch.de\/index.php\/wp-json\/wp\/v2\/pages\/119\/revisions"}],"predecessor-version":[{"id":1923,"href":"https:\/\/neustrelitz-evangelisch.de\/index.php\/wp-json\/wp\/v2\/pages\/119\/revisions\/1923"}],"wp:attachment":[{"href":"https:\/\/neustrelitz-evangelisch.de\/index.php\/wp-json\/wp\/v2\/media?parent=119"}],"curies":[{"name":"wp","href":"https:\/\/api.w.org\/{rel}","templated":true}]}}