{"id":121,"date":"2019-11-22T10:10:17","date_gmt":"2019-11-22T09:10:17","guid":{"rendered":"https:\/\/neustrelitz-evangelisch.de\/?page_id=121"},"modified":"2020-06-05T10:18:46","modified_gmt":"2020-06-05T09:18:46","slug":"granzin","status":"publish","type":"page","link":"https:\/\/neustrelitz-evangelisch.de\/index.php\/granzin\/","title":{"rendered":"Granzin"},"content":{"rendered":"\n<div class=\"wp-block-image\"><figure class=\"alignright size-large is-resized\"><a href=\"https:\/\/neustrelitz-evangelisch.de\/wp-content\/uploads\/2020\/06\/granzin-kirche.jpg\" target=\"_blank\" rel=\"noopener noreferrer\"><img decoding=\"async\" src=\"https:\/\/neustrelitz-evangelisch.de\/wp-content\/uploads\/2020\/06\/granzin-kirche-1024x683.jpg\" alt=\"\" class=\"wp-image-491\" width=\"320\" srcset=\"https:\/\/neustrelitz-evangelisch.de\/wp-content\/uploads\/2020\/06\/granzin-kirche-1024x683.jpg 1024w, https:\/\/neustrelitz-evangelisch.de\/wp-content\/uploads\/2020\/06\/granzin-kirche-300x200.jpg 300w, https:\/\/neustrelitz-evangelisch.de\/wp-content\/uploads\/2020\/06\/granzin-kirche-768x512.jpg 768w, https:\/\/neustrelitz-evangelisch.de\/wp-content\/uploads\/2020\/06\/granzin-kirche-1536x1024.jpg 1536w, https:\/\/neustrelitz-evangelisch.de\/wp-content\/uploads\/2020\/06\/granzin-kirche.jpg 1800w\" sizes=\"(max-width: 1024px) 100vw, 1024px\" \/><\/a><\/figure><\/div>\n\n\n\n<p>Der Ort Granzin hatte wie auch andere Orte dieser Gegend durch den 30j\u00e4hrigen Krieg sehr gelitten. Es wurden 1654 nur noch 5 Bauleute (Bauern) gez\u00e4hlt. In dem Ort findet der Besucher heute eine Kirche, die in gotisierendem Stil zwischen 1886 und 1888 nach Pl\u00e4nen von A. Pfitzner erbaut wurde.<\/p>\n\n\n\n<p>In ihr steht ein aus Holz geschnitztes Sakramentshaus, das im 15. Jahrhundert entstand und um 1886 in der alten Form wiederhergestellt wurde. Mit einer H\u00f6he von 3,85 m und sehr farbig ist es schon ungew\u00f6hnlich f\u00fcr eine Mecklenburger Kirche.<\/p>\n\n\n\n<p>Au\u00dferdem befindet sich auf der Empore eine bespielbare Orgel, die urspr\u00fcnglich f\u00fcr die Lutherfestspiele in Rostock gebaut, dann aber hier 1845 aufgestellt wurde.<\/p>\n\n\n\n<p>Derzeit finden in der Kirche in Granzin in den Sommermonaten Konzerte statt.<\/p>\n\n\n\n<p>Die <a href=\"https:\/\/neustrelitz-evangelisch.de\/index.php\/die-orgel-in-granzin\/\">Orgel<\/a><\/p>\n","protected":false},"excerpt":{"rendered":"<p>Der Ort Granzin hatte wie auch andere Orte dieser Gegend durch den 30j\u00e4hrigen Krieg sehr gelitten. Es wurden 1654 nur noch 5 Bauleute (Bauern) gez\u00e4hlt. In dem Ort findet der Besucher heute eine Kirche, die in gotisierendem Stil zwischen 1886 und 1888 nach Pl\u00e4nen von A. Pfitzner erbaut wurde. In ihr steht ein aus Holz [&hellip;]<\/p>\n","protected":false},"author":1,"featured_media":0,"parent":0,"menu_order":0,"comment_status":"closed","ping_status":"closed","template":"","meta":[],"_links":{"self":[{"href":"https:\/\/neustrelitz-evangelisch.de\/index.php\/wp-json\/wp\/v2\/pages\/121"}],"collection":[{"href":"https:\/\/neustrelitz-evangelisch.de\/index.php\/wp-json\/wp\/v2\/pages"}],"about":[{"href":"https:\/\/neustrelitz-evangelisch.de\/index.php\/wp-json\/wp\/v2\/types\/page"}],"author":[{"embeddable":true,"href":"https:\/\/neustrelitz-evangelisch.de\/index.php\/wp-json\/wp\/v2\/users\/1"}],"replies":[{"embeddable":true,"href":"https:\/\/neustrelitz-evangelisch.de\/index.php\/wp-json\/wp\/v2\/comments?post=121"}],"version-history":[{"count":4,"href":"https:\/\/neustrelitz-evangelisch.de\/index.php\/wp-json\/wp\/v2\/pages\/121\/revisions"}],"predecessor-version":[{"id":492,"href":"https:\/\/neustrelitz-evangelisch.de\/index.php\/wp-json\/wp\/v2\/pages\/121\/revisions\/492"}],"wp:attachment":[{"href":"https:\/\/neustrelitz-evangelisch.de\/index.php\/wp-json\/wp\/v2\/media?parent=121"}],"curies":[{"name":"wp","href":"https:\/\/api.w.org\/{rel}","templated":true}]}}