{"id":238,"date":"2019-12-04T10:10:49","date_gmt":"2019-12-04T09:10:49","guid":{"rendered":"https:\/\/neustrelitz-evangelisch.de\/?page_id=238"},"modified":"2023-03-13T00:13:56","modified_gmt":"2023-03-12T23:13:56","slug":"kirchengemeinderaete","status":"publish","type":"page","link":"https:\/\/neustrelitz-evangelisch.de\/index.php\/kirchengemeinderaete\/","title":{"rendered":"Kirchengemeinder\u00e4te"},"content":{"rendered":"\n<p>Der\nKirchengemeinderat (KGR) ist das Leitungsgremium einer Kirchengemeinde.\nGleichberechtigt geh\u00f6ren sowohl der\/die &nbsp;PastorIn, als auch die gew\u00e4hlten und berufenen\nMitlieder dazu. <\/p>\n\n\n\n<p>Unsere\nKirchengemeinder\u00e4te wurden im November 2016 neu gew\u00e4hlt und im Januar 2017&nbsp; f\u00fcr ihren sechsj\u00e4hrigen Dienst beauftragt und\ngesegnet.&nbsp; <\/p>\n\n\n\n<p>Laut Kirchengemeindeordnung hat der KGR eine doppelte Leitungsaufgabe: Er trifft rechtliche Entscheidungen \u00fcber z. B. Geb\u00e4ude, Finanzen und Stellenbesetzungen, tr\u00e4gt aber auch Sorge f\u00fcr geistliche Belange, wie Gottesdienste und Gemeindeleben. Uns ist es wichtig, die christliche Botschaft auf vielf\u00e4ltige und einladende Weise erfahrbar zu machen.<\/p>\n\n\n\n<p> Die Kirchengemeinder\u00e4te tagen jeweils etwa alle 4 bis 6 Wochen. Dann gibt es noch die KGR-Aussch\u00fcsse, die nach Bedarf beraten und dem  KGR zuarbeiten. Je nach Gemeindesituation ist da z. B. der Finanzausschuss, Bauausschuss, Kinder- und Jugendausschuss, Ortsausschuss,\u2026<\/p>\n\n\n\n<p>Als\nLeitungsteam &nbsp;bringen wir uns mit unseren\nGaben ein und geben, im Blick auf die Gemeinde, unser Bestes. Wir vertrauen darauf,\ndass Gott uns bei unserm \u00dcberlegen und Entscheiden, Planen und Gestalten&nbsp; leitet und begleitet. <\/p>\n\n\n\n<h2><strong>Kirchengemeinderat der Kirchengemeinde Strelitzer Land<\/strong><\/h2>\n\n\n\n<p>Mitglieder des Kirchengemeinderates:<\/p>\n\n\n<div class=\"wp-block-image\">\n<figure class=\"alignright size-large\"><img decoding=\"async\" loading=\"lazy\" width=\"1024\" height=\"682\" src=\"https:\/\/neustrelitz-evangelisch.de\/wp-content\/uploads\/2023\/03\/KGR-1024x682.jpg\" alt=\"\" class=\"wp-image-2375\" srcset=\"https:\/\/neustrelitz-evangelisch.de\/wp-content\/uploads\/2023\/03\/KGR-1024x682.jpg 1024w, https:\/\/neustrelitz-evangelisch.de\/wp-content\/uploads\/2023\/03\/KGR-300x200.jpg 300w, https:\/\/neustrelitz-evangelisch.de\/wp-content\/uploads\/2023\/03\/KGR-768x512.jpg 768w, https:\/\/neustrelitz-evangelisch.de\/wp-content\/uploads\/2023\/03\/KGR.jpg 1280w\" sizes=\"(max-width: 1024px) 100vw, 1024px\" \/><figcaption class=\"wp-element-caption\"><strong>KGR Strelitzer Land<\/strong><br><em>hintere Reihe von links:<\/em><br>Steffen Krott, Dr. Bj\u00f6rn Conrad, Marco Zabel, Pastor Christoph Feldkamp, Dr. Gernot Ostermann, Dr. Charlotte Conze, Ramona Schindler<br><em>erste Reihe von links:<\/em><br>Gabriele Poland, Roswitha Schulze, Michaela Zerbel, Dr. Geesche Dobers, Katja Vogt, Michaela Harzdorf, Karin Jungstand, Pastorin Cornelia Seidel<\/figcaption><\/figure><\/div>\n\n\n<p><br><\/p>\n\n\n\n<p>Die <strong>Gesch\u00e4ftsf\u00fchrung <\/strong>wechselt alle zwei Jahre zwischen den Pastoren.<\/p>\n\n\n\n<p>Die Pastoren sind jeweils f\u00fcr einen <strong>Seelsorgebezirk <\/strong>zust\u00e4ndig:<\/p>\n\n\n\n<p><strong>Pastor Feldkamp (Pfarre I)<\/strong>: Neustrelitz, Zierke, Userin, Gro\u00df Quassow<\/p>\n\n\n\n<p><strong>Pastorin Seidel (Pfarre II)<\/strong>: Alt Strelitz, Wokuhl, Dabelow, F\u00fcrstensee  <\/p>\n\n\n\n<p>Der Kirchengemeinderat hat mehrere <strong>Aussch\u00fcsse <\/strong>gebildet, in denen Beschl\u00fcsse des Kirchengemeinderates und Vorhaben der Gemeinde vorbereitet werden. Die Zust\u00e4ndigkeit der Pastoren ist auch hier zugeordnet:<\/p>\n\n\n\n<p>Bauausschuss, Kirchenmusikausschuss, Ortsausschuss Zierke: Pastor Feldkamp<\/p>\n\n\n\n<p>Finanzausschuss, Friedhofsausschuss, Gemeindeausschuss: Pastorin Seidel<\/p>\n\n\n\n<p>Der Kooperationsausschuss regelt die gemeindep\u00e4dagogische Zusammenarbeit mit der Kirchengemeinde Wanzka und wird vom jeweils gesch\u00e4ftsf\u00fchrenden Pastor geleitet.<\/p>\n\n\n\n<p>Dem Gesch\u00e4ftsausschuss geh\u00f6ren beide Pastoren sowie die 2. Vorsitzende Katja Vogt an.<\/p>\n\n\n\n<h2><strong>Kirchengemeinderat der Kirchengemeinde Neustrelitz-Kiefernheide<\/strong><\/h2>\n\n\n<div class=\"wp-block-image\">\n<figure class=\"alignright size-large\"><img decoding=\"async\" loading=\"lazy\" width=\"1024\" height=\"674\" src=\"https:\/\/neustrelitz-evangelisch.de\/wp-content\/uploads\/2023\/03\/GR-Kiefernheide-1024x674.jpg\" alt=\"\" class=\"wp-image-2364\" srcset=\"https:\/\/neustrelitz-evangelisch.de\/wp-content\/uploads\/2023\/03\/GR-Kiefernheide-1024x674.jpg 1024w, https:\/\/neustrelitz-evangelisch.de\/wp-content\/uploads\/2023\/03\/GR-Kiefernheide-300x198.jpg 300w, https:\/\/neustrelitz-evangelisch.de\/wp-content\/uploads\/2023\/03\/GR-Kiefernheide-768x506.jpg 768w, https:\/\/neustrelitz-evangelisch.de\/wp-content\/uploads\/2023\/03\/GR-Kiefernheide-1536x1011.jpg 1536w, https:\/\/neustrelitz-evangelisch.de\/wp-content\/uploads\/2023\/03\/GR-Kiefernheide-2048x1348.jpg 2048w\" sizes=\"(max-width: 1024px) 100vw, 1024px\" \/><figcaption class=\"wp-element-caption\"><strong>KGR Kiefernheide v.l.n.r.: <\/strong><br>Antje Wilke, Anneliese Handl, Reinhard Schiewe, Anke Pollex, Dieter M\u00fclling, Pn. Katharina Rosenow, Claudia Butzki-Pilch<\/figcaption><\/figure><\/div>\n\n\n<p> Katharina Rosenow (Pastorin, 1. Vorsitzende)<br><\/p>\n\n\n\n<h2><strong>Kirchgemeinderat der Kirchengemeinde Kratzeburg<\/strong><\/h2>\n\n\n\n<figure class=\"wp-block-image size-large\"><img decoding=\"async\" loading=\"lazy\" width=\"1024\" height=\"514\" src=\"https:\/\/neustrelitz-evangelisch.de\/wp-content\/uploads\/2023\/03\/Kirchgemeinderat-Kratzeburg-1024x514.jpg\" alt=\"\" class=\"wp-image-2354\" srcset=\"https:\/\/neustrelitz-evangelisch.de\/wp-content\/uploads\/2023\/03\/Kirchgemeinderat-Kratzeburg-1024x514.jpg 1024w, https:\/\/neustrelitz-evangelisch.de\/wp-content\/uploads\/2023\/03\/Kirchgemeinderat-Kratzeburg-300x151.jpg 300w, https:\/\/neustrelitz-evangelisch.de\/wp-content\/uploads\/2023\/03\/Kirchgemeinderat-Kratzeburg-768x386.jpg 768w, https:\/\/neustrelitz-evangelisch.de\/wp-content\/uploads\/2023\/03\/Kirchgemeinderat-Kratzeburg-1536x772.jpg 1536w, https:\/\/neustrelitz-evangelisch.de\/wp-content\/uploads\/2023\/03\/Kirchgemeinderat-Kratzeburg-2048x1029.jpg 2048w\" sizes=\"(max-width: 1024px) 100vw, 1024px\" \/><\/figure>\n\n\n\n<p>Sabine Hecht, Heidi Mazurek, Martin L\u00fcdemann, Lutz Pietschmann, Eckhard Geier, Silke Berkholz, Pn. Katharina Rosenow<\/p>\n\n\n\n<p><\/p>\n\n\n\n<p><\/p>\n","protected":false},"excerpt":{"rendered":"<p>Der Kirchengemeinderat (KGR) ist das Leitungsgremium einer Kirchengemeinde. Gleichberechtigt geh\u00f6ren sowohl der\/die &nbsp;PastorIn, als auch die gew\u00e4hlten und berufenen Mitlieder dazu. Unsere Kirchengemeinder\u00e4te wurden im November 2016 neu gew\u00e4hlt und im Januar 2017&nbsp; f\u00fcr ihren sechsj\u00e4hrigen Dienst beauftragt und gesegnet.&nbsp; Laut Kirchengemeindeordnung hat der KGR eine doppelte Leitungsaufgabe: Er trifft rechtliche Entscheidungen \u00fcber z. B. [&hellip;]<\/p>\n","protected":false},"author":1,"featured_media":0,"parent":0,"menu_order":0,"comment_status":"closed","ping_status":"closed","template":"page-full.php","meta":[],"_links":{"self":[{"href":"https:\/\/neustrelitz-evangelisch.de\/index.php\/wp-json\/wp\/v2\/pages\/238"}],"collection":[{"href":"https:\/\/neustrelitz-evangelisch.de\/index.php\/wp-json\/wp\/v2\/pages"}],"about":[{"href":"https:\/\/neustrelitz-evangelisch.de\/index.php\/wp-json\/wp\/v2\/types\/page"}],"author":[{"embeddable":true,"href":"https:\/\/neustrelitz-evangelisch.de\/index.php\/wp-json\/wp\/v2\/users\/1"}],"replies":[{"embeddable":true,"href":"https:\/\/neustrelitz-evangelisch.de\/index.php\/wp-json\/wp\/v2\/comments?post=238"}],"version-history":[{"count":14,"href":"https:\/\/neustrelitz-evangelisch.de\/index.php\/wp-json\/wp\/v2\/pages\/238\/revisions"}],"predecessor-version":[{"id":2376,"href":"https:\/\/neustrelitz-evangelisch.de\/index.php\/wp-json\/wp\/v2\/pages\/238\/revisions\/2376"}],"wp:attachment":[{"href":"https:\/\/neustrelitz-evangelisch.de\/index.php\/wp-json\/wp\/v2\/media?parent=238"}],"curies":[{"name":"wp","href":"https:\/\/api.w.org\/{rel}","templated":true}]}}