{"id":259,"date":"2019-12-04T10:38:07","date_gmt":"2019-12-04T09:38:07","guid":{"rendered":"https:\/\/neustrelitz-evangelisch.de\/?page_id=259"},"modified":"2019-12-04T10:38:07","modified_gmt":"2019-12-04T09:38:07","slug":"die-orgel-in-kratzeburg","status":"publish","type":"page","link":"https:\/\/neustrelitz-evangelisch.de\/index.php\/die-orgel-in-kratzeburg\/","title":{"rendered":"Die Orgel in Kratzeburg"},"content":{"rendered":"\n<p><strong>Wolfgang\nNu\u00dfb\u00fccker, 1992<br>\nI\/P\/10<\/strong><\/p>\n\n\n\n<p>Die\nOrgel von 1851 mit geradem dreiteiligem Geh\u00e4use ist vom Particulier\nCaspar Herse gestiftet (Siehe Plakette an der Orgel). Die Orgel\nmusste 1992 durch eine neue Orgel vom Plauer Orgelbauer Wolfgang\nNu\u00dfb\u00fccker ersetzt werden. Das \u00e4u\u00dfere Erscheinungsbild der alten\nHollandorgel (Schmiedefeld\/Th\u00fcringen) konnte aber erhalten und\nrestauriert werden.<\/p>\n\n\n\n<figure class=\"wp-block-table\"><table class=\"\"><tbody><tr><td>\n\t\t\t<strong>Manual<\/strong>,C\u2013g<sup>3<\/sup>\n\t\t<\/td><td>\n\t\t\t<strong>Pedal<\/strong>,\n\t\t\tC\u2013d<sup>1<\/sup>\n\t\t<\/td><\/tr><tr><td>Gedackt 8\u2018<br>Prinzipal 4\u2018<br>Spillpfeife 4\u2018<br>Octave 2\u2018<br>Quinte 1 1\/3\u2018<br>Cymbel 3fach<br>Kornett 3fach <\/td><td>Subba\u00df 16\u2018<br>Gedacktba\u00df 8\u2018<br>Ba\u00dffl\u00f6te 4\u2018 <br> <\/td><\/tr><\/tbody><\/table><\/figure>\n","protected":false},"excerpt":{"rendered":"<p>Wolfgang Nu\u00dfb\u00fccker, 1992 I\/P\/10 Die Orgel von 1851 mit geradem dreiteiligem Geh\u00e4use ist vom Particulier Caspar Herse gestiftet (Siehe Plakette an der Orgel). Die Orgel musste 1992 durch eine neue Orgel vom Plauer Orgelbauer Wolfgang Nu\u00dfb\u00fccker ersetzt werden. Das \u00e4u\u00dfere Erscheinungsbild der alten Hollandorgel (Schmiedefeld\/Th\u00fcringen) konnte aber erhalten und restauriert werden. Manual,C\u2013g3 Pedal, C\u2013d1 Gedackt [&hellip;]<\/p>\n","protected":false},"author":1,"featured_media":0,"parent":0,"menu_order":0,"comment_status":"closed","ping_status":"closed","template":"","meta":[],"_links":{"self":[{"href":"https:\/\/neustrelitz-evangelisch.de\/index.php\/wp-json\/wp\/v2\/pages\/259"}],"collection":[{"href":"https:\/\/neustrelitz-evangelisch.de\/index.php\/wp-json\/wp\/v2\/pages"}],"about":[{"href":"https:\/\/neustrelitz-evangelisch.de\/index.php\/wp-json\/wp\/v2\/types\/page"}],"author":[{"embeddable":true,"href":"https:\/\/neustrelitz-evangelisch.de\/index.php\/wp-json\/wp\/v2\/users\/1"}],"replies":[{"embeddable":true,"href":"https:\/\/neustrelitz-evangelisch.de\/index.php\/wp-json\/wp\/v2\/comments?post=259"}],"version-history":[{"count":1,"href":"https:\/\/neustrelitz-evangelisch.de\/index.php\/wp-json\/wp\/v2\/pages\/259\/revisions"}],"predecessor-version":[{"id":260,"href":"https:\/\/neustrelitz-evangelisch.de\/index.php\/wp-json\/wp\/v2\/pages\/259\/revisions\/260"}],"wp:attachment":[{"href":"https:\/\/neustrelitz-evangelisch.de\/index.php\/wp-json\/wp\/v2\/media?parent=259"}],"curies":[{"name":"wp","href":"https:\/\/api.w.org\/{rel}","templated":true}]}}