{"id":30,"date":"2019-11-21T09:16:26","date_gmt":"2019-11-21T08:16:26","guid":{"rendered":"https:\/\/neustrelitz-evangelisch.de\/?page_id=30"},"modified":"2020-04-24T10:53:17","modified_gmt":"2020-04-24T09:53:17","slug":"datenschutz","status":"publish","type":"page","link":"https:\/\/neustrelitz-evangelisch.de\/index.php\/datenschutz\/","title":{"rendered":"Datenschutz"},"content":{"rendered":"\n<h2>Datenschutzerkl\u00e4rung<\/h2>\n\n\n\n<p>Die Evangelisch-Lutherischen Kirchengemeinden Strelitzer Land, Kiefernheide und Kratzeburg betreiben eine Webseite mit allgemeinen Informationen zu den Leistungen der kirchlichen Stellen. Die Institutionen messen dem Schutz der Privatsph\u00e4re hohe Bedeutung bei und beachtet die gesetzlichen Datenschutzbestimmungen. Im Folgenden informieren wir Sie in dieser Datenschutzerkl\u00e4rung, wie wir mit Ihren pers\u00f6nlichen Daten umgehen.<\/p>\n\n\n\n<p>Verantwortliche Stelle im Sinne des \u00a7 2 Abs. Ziffer 8 DSG-EKD ist f\u00fcr die kirchliche Stelle:<\/p>\n\n\n\n<p>Ev.-Luth. Kirchengemeinde Strelitzer Land <br>Vertreten durch: Pastor Christoph Feldkamp<br>Bruchstra\u00dfe 15<br>17235 Neustrelitz<\/p>\n\n\n\n<p>Telefon: +49 3981\/205459 <br>strelitzer-land@elkm.de<\/p>\n\n\n\n<p><\/p>\n\n\n\n<h2>Definition personenbezogener Daten<\/h2>\n\n\n\n<p>Entsprechend der DSG-EKD sind \u201epersonenbezogene Daten\u201c als Informationen definiert, die sich auf eine identifizierte oder identifizierbare nat\u00fcrliche Person (im Folgenden \u201ebetroffene Person\u201c) beziehen; als identifizierbar wird eine nat\u00fcrliche Person angesehen, die direkt oder indirekt, insbesondere mittels Zuordnung zu einer Kennung wie einem Namen, zu einer Kennnummer, zu Standortdaten, zu einer Online-Kennung oder zu einem oder mehreren besonderen Merkmalen identifiziert werden kann, die Ausdruck der physischen, physiologischen, genetischen, psychischen, wirtschaftlichen, kulturellen oder sozialen Identit\u00e4t dieser nat\u00fcrlichen Person sind. (\u00a7 2 DSG-EKD) Im \u00dcbrigen verweisen wir bei den hier genutzten Begrifflichkeiten auf die Definitionen in \u00a7 2 DSG-EKD.<\/p>\n\n\n\n<h2>Verarbeitung personenbezogener Daten<\/h2>\n\n\n\n<p>Die Erhebung, Speicherung und Verarbeitung von Daten erfolgt nur f\u00fcr die Aus\u00fcbung eigener Gesch\u00e4ftszwecke. Grunds\u00e4tzlich steht unsere Webseite allen Nutzern zur Verf\u00fcgung, ohne dass pers\u00f6nliche Daten erhoben werden. Personenbezogene Daten werden ausschlie\u00dflich in dem Umfang abgefragt, verarbeitet und genutzt, in dem es erforderlich ist, um von Ihnen abgefragte Leistungen zu erbringen oder Inhalte bereitzustellen. Die Verarbeitung von personenbezogenen Daten erfolgt nur unter Einhaltung der einschl\u00e4gigen Datenschutzbestimmungen. Dementsprechend nur, bei Vorliegen einer gesetzlichen Erlaubnis oder Vorliegen einer Einwilligung des Betroffenen. Um Daten gegen zuf\u00e4llige oder vors\u00e4tzliche Manipulation, Zerst\u00f6rung, Verlust oder einem unberechtigten Zugriff zu sch\u00fctzen, wurden entsprechende organisatorische und technische Ma\u00dfnahmen \u2013 entsprechend dem Stand der Technik \u2013 umgesetzt.<\/p>\n\n\n\n<h2>Cookies<\/h2>\n\n\n\n<p>Cookies sind Informationen, die von unserem Webserver oder Webservern Dritter an die Web-Browser der Nutzer \u00fcbertragen und dort f\u00fcr einen sp\u00e4teren Abruf gespeichert werden. Bei Cookies kann es sich um kleine Dateien oder sonstige Arten der Informationsspeicherung handeln. Die Betrachtung dieser Website ist auch unter Ausschluss von Cookies m\u00f6glich. Falls die Nutzer nicht m\u00f6chten, dass Cookies auf ihrem Rechner gespeichert werden, werden sie gebeten die entsprechende Option in den Einstellungen ihres Browsers zu deaktivieren. Gespeicherte Cookies k\u00f6nnen in den Einstellungen des Browsers gel\u00f6scht werden. Der Ausschluss von Cookies kann zu Funktionseinschr\u00e4nkungen bei der Betrachtung dieser Webseite f\u00fchren.<\/p>\n\n\n\n<h2>Google Web Fonts<\/h2>\n\n\n\n<p>Diese Seite nutzt zur einheitlichen Darstellung von Schriftarten so genannte Web Fonts, die von Google bereitgestellt werden. Beim Aufruf einer Seite l\u00e4dt Ihr Browser die ben\u00f6tigten Web Fonts in ihren Browsercache, um Texte und Schriftarten korrekt anzuzeigen. Zu diesem Zweck muss der von Ihnen verwendete Browser Verbindung zu den Servern von Google aufnehmen. Hierdurch erlangt Google Kenntnis dar\u00fcber, dass \u00fcber Ihre IP-Adresse unsere Website aufgerufen wurde. Die Nutzung von Google Web Fonts erfolgt im Interesse einer einheitlichen und ansprechenden Darstellung unserer Online-Angebote. Dies stellt ein berechtigtes Interesse im Sinne von \u00a7 6 Ziff. 4 DSG-EKD dar. Wenn Ihr Browser Web Fonts nicht unterst\u00fctzt, wird eine Standardschrift von Ihrem Computer genutzt. Weitere Informationen zu Google Web Fonts finden Sie unter https:\/\/developers.google.com\/fonts\/faq und in der Datenschutzerkl\u00e4rung von Google: https:\/\/www.google.com\/policies\/privacy\/ <\/p>\n\n\n\n<h2>Kontaktaufnahme per E-Mail<\/h2>\n\n\n\n<p>Sollten Sie uns per E-Mail Anfragen zukommen lassen, werden Ihre Angaben Daten zwecks Bearbeitung Ihres Anliegens (\u00a7 5 Abs. 2 DSG-EKD) bei uns gespeichert. Diese Daten geben wir nicht ohne Ihre Einwilligung weiter. Die personenbezogenen Daten werden gel\u00f6scht, sofern sie nicht mehr erforderlich sind oder der L\u00f6schung keine gesetzlichen Aufbewahrungspflichten entgegenstehen.<\/p>\n\n\n\n<h2>SSL-Verschl\u00fcsselung<\/h2>\n\n\n\n<p>Diese Seite nutzt aus Gr\u00fcnden der Sicherheit und zum Schutz der \u00dcbertragung vertraulicher Inhalte, wie zum Beispiel der Anfragen \u00fcber ein Kontaktformular, die Sie an uns als Seitenbetreiber senden, eine SSL-Verschl\u00fcsselung. Eine verschl\u00fcsselte Verbindung erkennen Sie daran, dass die Adresszeile des Browsers von \u201ehttp:\/\/\u201c auf \u201ehttps:\/\/\u201c wechselt und an dem Schloss-Symbol in Ihrer Browserzeile. Wenn die SSL Verschl\u00fcsselung aktiviert ist, k\u00f6nnen die Daten, die Sie an uns \u00fcbermitteln, nicht von Dritten mitgelesen werden.<\/p>\n\n\n\n<h2>Recht auf Auskunft, L\u00f6schung, Sperrung<\/h2>\n\n\n\n<p>Sie haben jederzeit das Recht auf unentgeltliche Auskunft \u00fcber Ihre gespeicherten personenbezogenen Daten, deren Herkunft und Empf\u00e4nger und den Zweck der Datenverarbeitung sowie ein Recht auf Berichtigung, Sperrung oder L\u00f6schung dieser Daten. Von dem Recht zur L\u00f6schung ausgenommen sind Abrechnungsdaten oder Angaben f\u00fcr buchhalterische oder steuerliche Zwecke, bzw. Daten, bei denen der verbundene Gesch\u00e4ftszweck noch nicht weggefallen ist. Daten, die im Rahmen einer Einwilligung f\u00fcr einen bestimmten Zweck erhoben wurden, werden mit dem Wegfall des Einwilligungszwecks gel\u00f6scht.<\/p>\n\n\n\n<h2>Recht auf Beschwerde bei der zust\u00e4ndigen Aufsichtsbeh\u00f6rde<\/h2>\n\n\n\n<p>Als Betroffener steht Ihnen im Falle eines datenschutzrechtlichen Versto\u00dfes ein Beschwerderecht bei der zust\u00e4ndigen Aufsichtsbeh\u00f6rde zu. Zust\u00e4ndige Aufsichtsbeh\u00f6rde bez\u00fcglich datenschutzrechtlicher Fragen ist der Datenschutzbeauftragte der Nordkirche. Die Kontaktdaten finden Sie unter folgendem Link: https:\/\/www.nordkirche.de\/datenschutz\/<\/p>\n\n\n\n<h2>\u00c4nderung unserer Datenschutzbestimmungen<\/h2>\n\n\n\n<p>Wir behalten uns vor, diese Datenschutzerkl\u00e4rung regelm\u00e4\u00dfig zu \u00fcberarbeiten, damit sie stets den aktuellen rechtlichen Anforderungen entspricht. F\u00fcr Ihren erneuten Besuch gilt dann die neue Datenschutzerkl\u00e4rung.<\/p>\n\n\n\n<h2>Weitere Hinweise<\/h2>\n\n\n\n<p>Wir sind bem\u00fcht, Ihre personenbezogenen Daten durch Ergreifung aller technischen und organisatorischen M\u00f6glichkeiten so zu speichern, dass sie f\u00fcr Dritte nicht zug\u00e4nglich sind. Bei der Kommunikation per E-Mail kann die vollst\u00e4ndige Datensicherheit nicht gew\u00e4hrleistet werden, so dass wir Ihnen bei vertraulichen Informationen den Postweg oder eine verschl\u00fcsselte \u00dcbertragung empfehlen.<\/p>\n\n\n\n<p>Unsere Mitarbeiterinnen und Mitarbeiter und beauftragte Dienstleistungsunternehmen sind von uns zur Verschwiegenheit und zur Einhaltung der gesetzlichen Datenschutzbestimmungen verpflichtet. <\/p>\n","protected":false},"excerpt":{"rendered":"<p>Datenschutzerkl\u00e4rung Die Evangelisch-Lutherischen Kirchengemeinden Strelitzer Land, Kiefernheide und Kratzeburg betreiben eine Webseite mit allgemeinen Informationen zu den Leistungen der kirchlichen Stellen. Die Institutionen messen dem Schutz der Privatsph\u00e4re hohe Bedeutung bei und beachtet die gesetzlichen Datenschutzbestimmungen. Im Folgenden informieren wir Sie in dieser Datenschutzerkl\u00e4rung, wie wir mit Ihren pers\u00f6nlichen Daten umgehen. Verantwortliche Stelle im Sinne [&hellip;]<\/p>\n","protected":false},"author":1,"featured_media":0,"parent":0,"menu_order":0,"comment_status":"closed","ping_status":"closed","template":"","meta":[],"_links":{"self":[{"href":"https:\/\/neustrelitz-evangelisch.de\/index.php\/wp-json\/wp\/v2\/pages\/30"}],"collection":[{"href":"https:\/\/neustrelitz-evangelisch.de\/index.php\/wp-json\/wp\/v2\/pages"}],"about":[{"href":"https:\/\/neustrelitz-evangelisch.de\/index.php\/wp-json\/wp\/v2\/types\/page"}],"author":[{"embeddable":true,"href":"https:\/\/neustrelitz-evangelisch.de\/index.php\/wp-json\/wp\/v2\/users\/1"}],"replies":[{"embeddable":true,"href":"https:\/\/neustrelitz-evangelisch.de\/index.php\/wp-json\/wp\/v2\/comments?post=30"}],"version-history":[{"count":3,"href":"https:\/\/neustrelitz-evangelisch.de\/index.php\/wp-json\/wp\/v2\/pages\/30\/revisions"}],"predecessor-version":[{"id":450,"href":"https:\/\/neustrelitz-evangelisch.de\/index.php\/wp-json\/wp\/v2\/pages\/30\/revisions\/450"}],"wp:attachment":[{"href":"https:\/\/neustrelitz-evangelisch.de\/index.php\/wp-json\/wp\/v2\/media?parent=30"}],"curies":[{"name":"wp","href":"https:\/\/api.w.org\/{rel}","templated":true}]}}