{"id":38,"date":"2019-11-21T09:17:18","date_gmt":"2019-11-21T08:17:18","guid":{"rendered":"https:\/\/neustrelitz-evangelisch.de\/?page_id=38"},"modified":"2024-10-11T09:32:08","modified_gmt":"2024-10-11T08:32:08","slug":"kontakt","status":"publish","type":"page","link":"https:\/\/neustrelitz-evangelisch.de\/index.php\/kontakt\/","title":{"rendered":"Kontakt"},"content":{"rendered":"\n<p><\/p>\n\n\n\n<h2 class=\"wp-block-heading\"><strong>Kirchengemeinde Strelitzer Land<\/strong><\/h2>\n\n\n\n<div style=\"height:20px\" aria-hidden=\"true\" class=\"wp-block-spacer\"><\/div>\n\n\n\n<h4 class=\"wp-block-heading\"><strong>Neustrelitz Pfarre I \u2013 Stadt<\/strong><\/h4>\n\n\n\n<div class=\"wp-block-media-text alignwide is-stacked-on-mobile\" style=\"grid-template-columns:15% auto\"><figure class=\"wp-block-media-text__media\"><img loading=\"lazy\" decoding=\"async\" width=\"1024\" height=\"717\" src=\"https:\/\/neustrelitz-evangelisch.de\/wp-content\/uploads\/2020\/06\/borwinheim-aussen-1024x717.jpg\" alt=\"Borwinheim\" class=\"wp-image-481 size-full\" srcset=\"https:\/\/neustrelitz-evangelisch.de\/wp-content\/uploads\/2020\/06\/borwinheim-aussen-1024x717.jpg 1024w, https:\/\/neustrelitz-evangelisch.de\/wp-content\/uploads\/2020\/06\/borwinheim-aussen-300x210.jpg 300w, https:\/\/neustrelitz-evangelisch.de\/wp-content\/uploads\/2020\/06\/borwinheim-aussen-768x538.jpg 768w, https:\/\/neustrelitz-evangelisch.de\/wp-content\/uploads\/2020\/06\/borwinheim-aussen-1536x1075.jpg 1536w, https:\/\/neustrelitz-evangelisch.de\/wp-content\/uploads\/2020\/06\/borwinheim-aussen.jpg 1714w\" sizes=\"auto, (max-width: 1024px) 100vw, 1024px\" \/><\/figure><div class=\"wp-block-media-text__content\">\n<p class=\"has-normal-font-size\"><strong>Gemeindeb\u00fcro Borwinheim<\/strong><br>Bruchstra\u00dfe 15<br>17235 Neustrelitz<br>Di und Fr 10\u201312 Uhr<br>03981 20 55 42<br><a href=\"mailto:strelitzer-land@elkm.de\">strelitzer-land@elkm.de<\/a><\/p>\n<\/div><\/div>\n\n\n\n<div style=\"height:20px\" aria-hidden=\"true\" class=\"wp-block-spacer\"><\/div>\n\n\n\n<div class=\"wp-block-group\"><div class=\"wp-block-group__inner-container is-layout-flow wp-block-group-is-layout-flow\">\n<div class=\"wp-block-group\"><div class=\"wp-block-group__inner-container is-layout-flow wp-block-group-is-layout-flow\">\n<div class=\"wp-block-group\"><div class=\"wp-block-group__inner-container is-layout-flow wp-block-group-is-layout-flow\">\n<div class=\"wp-block-group\"><div class=\"wp-block-group__inner-container is-layout-flow wp-block-group-is-layout-flow\">\n<div class=\"wp-block-media-text alignwide is-stacked-on-mobile\" style=\"grid-template-columns:15% auto\"><figure class=\"wp-block-media-text__media\"><img loading=\"lazy\" decoding=\"async\" width=\"739\" height=\"1024\" src=\"https:\/\/neustrelitz-evangelisch.de\/wp-content\/uploads\/2020\/07\/Christoph-Feldkamp_scaled-739x1024.jpg\" alt=\"Pastor Christoph Feldkamp\" class=\"wp-image-671 size-full\" srcset=\"https:\/\/neustrelitz-evangelisch.de\/wp-content\/uploads\/2020\/07\/Christoph-Feldkamp_scaled-739x1024.jpg 739w, https:\/\/neustrelitz-evangelisch.de\/wp-content\/uploads\/2020\/07\/Christoph-Feldkamp_scaled-216x300.jpg 216w, https:\/\/neustrelitz-evangelisch.de\/wp-content\/uploads\/2020\/07\/Christoph-Feldkamp_scaled-768x1064.jpg 768w, https:\/\/neustrelitz-evangelisch.de\/wp-content\/uploads\/2020\/07\/Christoph-Feldkamp_scaled-1108x1536.jpg 1108w, https:\/\/neustrelitz-evangelisch.de\/wp-content\/uploads\/2020\/07\/Christoph-Feldkamp_scaled-1478x2048.jpg 1478w, https:\/\/neustrelitz-evangelisch.de\/wp-content\/uploads\/2020\/07\/Christoph-Feldkamp_scaled-scaled.jpg 1847w\" sizes=\"auto, (max-width: 739px) 100vw, 739px\" \/><\/figure><div class=\"wp-block-media-text__content\">\n<p class=\"has-normal-font-size\"><strong>Pastor Christoph Feldkamp<\/strong><br>Bruchstra\u00dfe 15<\/p>\n\n\n\n<p class=\"has-normal-font-size\">17235 Neustrelitz<br>03981 20 55 42 oder 0160 62 16 523<br><a href=\"mailto:christoph.feldkamp@elkm.de\">christoph.feldkamp@elkm.de<\/a><\/p>\n<\/div><\/div>\n<\/div><\/div>\n<\/div><\/div>\n<\/div><\/div>\n<\/div><\/div>\n\n\n\n<div style=\"height:20px\" aria-hidden=\"true\" class=\"wp-block-spacer\"><\/div>\n\n\n\n<div class=\"wp-block-media-text alignwide is-stacked-on-mobile\" style=\"grid-template-columns:15% auto\"><figure class=\"wp-block-media-text__media\"><img loading=\"lazy\" decoding=\"async\" width=\"739\" height=\"1024\" src=\"https:\/\/neustrelitz-evangelisch.de\/wp-content\/uploads\/2020\/07\/Lukas-Storch_scaled-739x1024.jpg\" alt=\"Kantor Lukas Storch\" class=\"wp-image-677 size-full\" srcset=\"https:\/\/neustrelitz-evangelisch.de\/wp-content\/uploads\/2020\/07\/Lukas-Storch_scaled-739x1024.jpg 739w, https:\/\/neustrelitz-evangelisch.de\/wp-content\/uploads\/2020\/07\/Lukas-Storch_scaled-216x300.jpg 216w, https:\/\/neustrelitz-evangelisch.de\/wp-content\/uploads\/2020\/07\/Lukas-Storch_scaled-768x1065.jpg 768w, https:\/\/neustrelitz-evangelisch.de\/wp-content\/uploads\/2020\/07\/Lukas-Storch_scaled-1108x1536.jpg 1108w, https:\/\/neustrelitz-evangelisch.de\/wp-content\/uploads\/2020\/07\/Lukas-Storch_scaled-1478x2048.jpg 1478w, https:\/\/neustrelitz-evangelisch.de\/wp-content\/uploads\/2020\/07\/Lukas-Storch_scaled-scaled.jpg 1847w\" sizes=\"auto, (max-width: 739px) 100vw, 739px\" \/><\/figure><div class=\"wp-block-media-text__content\">\n<p class=\"has-normal-font-size\"><strong>Kantor Lukas Storch<\/strong><br>0162 215 59 39<br><a href=\"mailto:lukas.storch@elkm.de\">lukas.storch@elkm.de<\/a><\/p>\n<\/div><\/div>\n\n\n\n<div style=\"height:20px\" aria-hidden=\"true\" class=\"wp-block-spacer\"><\/div>\n\n\n\n<div class=\"wp-block-media-text alignwide is-stacked-on-mobile\" style=\"grid-template-columns:15% auto\"><figure class=\"wp-block-media-text__media\"><img loading=\"lazy\" decoding=\"async\" width=\"739\" height=\"1024\" src=\"https:\/\/neustrelitz-evangelisch.de\/wp-content\/uploads\/2020\/07\/Katrin-Hofmann_scaled-739x1024.jpg\" alt=\"Gemeindep\u00e4dagogin Katrin Hofmann\" class=\"wp-image-674 size-full\" srcset=\"https:\/\/neustrelitz-evangelisch.de\/wp-content\/uploads\/2020\/07\/Katrin-Hofmann_scaled-739x1024.jpg 739w, https:\/\/neustrelitz-evangelisch.de\/wp-content\/uploads\/2020\/07\/Katrin-Hofmann_scaled-216x300.jpg 216w, https:\/\/neustrelitz-evangelisch.de\/wp-content\/uploads\/2020\/07\/Katrin-Hofmann_scaled-768x1064.jpg 768w, https:\/\/neustrelitz-evangelisch.de\/wp-content\/uploads\/2020\/07\/Katrin-Hofmann_scaled-1108x1536.jpg 1108w, https:\/\/neustrelitz-evangelisch.de\/wp-content\/uploads\/2020\/07\/Katrin-Hofmann_scaled-1478x2048.jpg 1478w, https:\/\/neustrelitz-evangelisch.de\/wp-content\/uploads\/2020\/07\/Katrin-Hofmann_scaled-scaled.jpg 1847w\" sizes=\"auto, (max-width: 739px) 100vw, 739px\" \/><\/figure><div class=\"wp-block-media-text__content\">\n<p class=\"has-normal-font-size\"><strong>Gemeindep\u00e4dagogin Katrin Hofmann<\/strong><br>03981 20 23 83<br><a href=\"mailto:katrin.hofmann@elkm.de\">katrin.hofmann@elkm.de<\/a><\/p>\n<\/div><\/div>\n\n\n\n<div style=\"height:20px\" aria-hidden=\"true\" class=\"wp-block-spacer\"><\/div>\n\n\n\n<p class=\"has-very-dark-gray-color has-text-color\"><strong>K\u00fcster Dietmar M\u00f6ller<\/strong><br>03981 20 55 42<\/p>\n\n\n\n<div style=\"height:20px\" aria-hidden=\"true\" class=\"wp-block-spacer\"><\/div>\n\n\n\n<h4 class=\"wp-block-heading\"><strong>Neustrelitz Pfarre II \u2013 Alt Strelitz<\/strong><\/h4>\n\n\n\n<div class=\"wp-block-media-text alignwide is-stacked-on-mobile\" style=\"grid-template-columns:15% auto\"><figure class=\"wp-block-media-text__media\"><img loading=\"lazy\" decoding=\"async\" width=\"1024\" height=\"576\" src=\"https:\/\/neustrelitz-evangelisch.de\/wp-content\/uploads\/2020\/02\/altstrelitz-kirche-1024x576.jpg\" alt=\"\" class=\"wp-image-417 size-full\" srcset=\"https:\/\/neustrelitz-evangelisch.de\/wp-content\/uploads\/2020\/02\/altstrelitz-kirche-1024x576.jpg 1024w, https:\/\/neustrelitz-evangelisch.de\/wp-content\/uploads\/2020\/02\/altstrelitz-kirche-300x169.jpg 300w, https:\/\/neustrelitz-evangelisch.de\/wp-content\/uploads\/2020\/02\/altstrelitz-kirche-768x432.jpg 768w, https:\/\/neustrelitz-evangelisch.de\/wp-content\/uploads\/2020\/02\/altstrelitz-kirche-1536x864.jpg 1536w, https:\/\/neustrelitz-evangelisch.de\/wp-content\/uploads\/2020\/02\/altstrelitz-kirche.jpg 1920w\" sizes=\"auto, (max-width: 1024px) 100vw, 1024px\" \/><\/figure><div class=\"wp-block-media-text__content\">\n<p class=\"has-normal-font-size\"><strong>Gemeindeb\u00fcro Alt Strelitz: Inge Witte<\/strong><br>Josef-Jakubowki-Stra\u00dfe 36<br>17235 Neustrelitz<br>Di und Fr 10\u201312 Uhr<br>03981 44 73 42<\/p>\n<\/div><\/div>\n\n\n\n<div style=\"height:20px\" aria-hidden=\"true\" class=\"wp-block-spacer\"><\/div>\n\n\n\n<div class=\"wp-block-media-text alignwide is-stacked-on-mobile\" style=\"grid-template-columns:15% auto\"><figure class=\"wp-block-media-text__media\"><img loading=\"lazy\" decoding=\"async\" width=\"683\" height=\"1024\" src=\"https:\/\/neustrelitz-evangelisch.de\/wp-content\/uploads\/2020\/07\/Cornelia-Seidel_scaled-683x1024.jpg\" alt=\"Pastorin Cornelia Seidel\" class=\"wp-image-672 size-full\" srcset=\"https:\/\/neustrelitz-evangelisch.de\/wp-content\/uploads\/2020\/07\/Cornelia-Seidel_scaled-683x1024.jpg 683w, https:\/\/neustrelitz-evangelisch.de\/wp-content\/uploads\/2020\/07\/Cornelia-Seidel_scaled-200x300.jpg 200w, https:\/\/neustrelitz-evangelisch.de\/wp-content\/uploads\/2020\/07\/Cornelia-Seidel_scaled-768x1152.jpg 768w, https:\/\/neustrelitz-evangelisch.de\/wp-content\/uploads\/2020\/07\/Cornelia-Seidel_scaled-1024x1536.jpg 1024w, https:\/\/neustrelitz-evangelisch.de\/wp-content\/uploads\/2020\/07\/Cornelia-Seidel_scaled-1365x2048.jpg 1365w, https:\/\/neustrelitz-evangelisch.de\/wp-content\/uploads\/2020\/07\/Cornelia-Seidel_scaled-scaled.jpg 1707w\" sizes=\"auto, (max-width: 683px) 100vw, 683px\" \/><\/figure><div class=\"wp-block-media-text__content\">\n<p class=\"has-normal-font-size\"><strong>Pastorin Cornelia Seidel<\/strong><br>Josef-Jakubowki-Stra\u00dfe 36<\/p>\n\n\n\n<p class=\"has-normal-font-size\">17235 Neustrelitz<br>03981 44 73 42<br><a href=\"mailto:cornelia.seidel@elkm.de\">cornelia.seidel@elkm.de<\/a><\/p>\n<\/div><\/div>\n\n\n\n<div style=\"height:20px\" aria-hidden=\"true\" class=\"wp-block-spacer\"><\/div>\n\n\n\n<p><strong>Kirchenmusiker Wolfgang Erben<\/strong><br>03981 44 03 30<br><br><strong>K\u00fcster Markus Badzio (Gemeindeb\u00fcro Wokuhl)<\/strong><br>0162 67 32 429<br>Mo 16.30 Uhr\u201318.30 Uhr<br><strong>Pastorin Seidel<\/strong> im Gemeindeb\u00fcro Wokuhl nach Vereinbarung<\/p>\n\n\n\n<div style=\"height:20px\" aria-hidden=\"true\" class=\"wp-block-spacer\"><\/div>\n\n\n\n<hr class=\"wp-block-separator has-css-opacity is-style-wide\"\/>\n\n\n\n<h2 class=\"wp-block-heading\"><strong>Kirchengemeinden Kiefernheide &amp; Kratzeburg<\/strong><\/h2>\n\n\n\n<div style=\"height:20px\" aria-hidden=\"true\" class=\"wp-block-spacer\"><\/div>\n\n\n\n<div class=\"wp-block-media-text alignwide is-stacked-on-mobile\" style=\"grid-template-columns:15% auto\"><figure class=\"wp-block-media-text__media\"><img loading=\"lazy\" decoding=\"async\" width=\"1024\" height=\"731\" src=\"https:\/\/neustrelitz-evangelisch.de\/wp-content\/uploads\/2020\/06\/kiefernheide-kirche-1024x731.jpg\" alt=\"Kirche Kiefernheide\" class=\"wp-image-494 size-full\" srcset=\"https:\/\/neustrelitz-evangelisch.de\/wp-content\/uploads\/2020\/06\/kiefernheide-kirche-1024x731.jpg 1024w, https:\/\/neustrelitz-evangelisch.de\/wp-content\/uploads\/2020\/06\/kiefernheide-kirche-300x214.jpg 300w, https:\/\/neustrelitz-evangelisch.de\/wp-content\/uploads\/2020\/06\/kiefernheide-kirche-768x549.jpg 768w, https:\/\/neustrelitz-evangelisch.de\/wp-content\/uploads\/2020\/06\/kiefernheide-kirche-1536x1097.jpg 1536w, https:\/\/neustrelitz-evangelisch.de\/wp-content\/uploads\/2020\/06\/kiefernheide-kirche.jpg 1680w\" sizes=\"auto, (max-width: 1024px) 100vw, 1024px\" \/><\/figure><div class=\"wp-block-media-text__content\">\n<p class=\"has-normal-font-size\"><strong>Gemeindeb\u00fcro Kiefernheide: Carin Schiewe<\/strong><br>Goethestra\u00dfe 25\u201327<br>17235 Neustrelitz<br>Di und Do 9\u201311 Uhr<br>03981 44 39 87<br><a href=\"http:\/\/neustrelitz\u2013kiefernheide@elkm.de\">neustrelitz\u2013kiefernheide@elkm.de<\/a><\/p>\n<\/div><\/div>\n\n\n\n<div style=\"height:20px\" aria-hidden=\"true\" class=\"wp-block-spacer\"><\/div>\n\n\n\n<div class=\"wp-block-media-text alignwide is-stacked-on-mobile\" style=\"grid-template-columns:15% auto\"><figure class=\"wp-block-media-text__media\"><img loading=\"lazy\" decoding=\"async\" width=\"900\" height=\"900\" src=\"https:\/\/neustrelitz-evangelisch.de\/wp-content\/uploads\/2020\/07\/Katharina-Rosenow.jpg\" alt=\"Pastorin Katharina Rosenow\" class=\"wp-image-673 size-full\" srcset=\"https:\/\/neustrelitz-evangelisch.de\/wp-content\/uploads\/2020\/07\/Katharina-Rosenow.jpg 900w, https:\/\/neustrelitz-evangelisch.de\/wp-content\/uploads\/2020\/07\/Katharina-Rosenow-300x300.jpg 300w, https:\/\/neustrelitz-evangelisch.de\/wp-content\/uploads\/2020\/07\/Katharina-Rosenow-150x150.jpg 150w, https:\/\/neustrelitz-evangelisch.de\/wp-content\/uploads\/2020\/07\/Katharina-Rosenow-768x768.jpg 768w\" sizes=\"auto, (max-width: 900px) 100vw, 900px\" \/><\/figure><div class=\"wp-block-media-text__content\">\n<p class=\"has-normal-font-size\"><strong>Pastorin Katharina Rosenow<\/strong><br>0152 56105610<br><a href=\"mailto:katharina.rosenow@elkm.de\">katharina.rosenow@elkm.de<\/a><\/p>\n<\/div><\/div>\n\n\n\n<div style=\"height:20px\" aria-hidden=\"true\" class=\"wp-block-spacer\"><\/div>\n\n\n\n<div class=\"wp-block-media-text alignwide is-stacked-on-mobile\" style=\"grid-template-columns:15% auto\"><figure class=\"wp-block-media-text__media\"><img loading=\"lazy\" decoding=\"async\" width=\"1024\" height=\"1024\" src=\"https:\/\/neustrelitz-evangelisch.de\/wp-content\/uploads\/2024\/01\/Laura-Musche-2-1024x1024.jpg\" alt=\"\" class=\"wp-image-2694 size-full\" srcset=\"https:\/\/neustrelitz-evangelisch.de\/wp-content\/uploads\/2024\/01\/Laura-Musche-2-1024x1024.jpg 1024w, https:\/\/neustrelitz-evangelisch.de\/wp-content\/uploads\/2024\/01\/Laura-Musche-2-300x300.jpg 300w, https:\/\/neustrelitz-evangelisch.de\/wp-content\/uploads\/2024\/01\/Laura-Musche-2-150x150.jpg 150w, https:\/\/neustrelitz-evangelisch.de\/wp-content\/uploads\/2024\/01\/Laura-Musche-2-768x768.jpg 768w, https:\/\/neustrelitz-evangelisch.de\/wp-content\/uploads\/2024\/01\/Laura-Musche-2-1536x1536.jpg 1536w, https:\/\/neustrelitz-evangelisch.de\/wp-content\/uploads\/2024\/01\/Laura-Musche-2.jpg 1582w\" sizes=\"auto, (max-width: 1024px) 100vw, 1024px\" \/><\/figure><div class=\"wp-block-media-text__content\">\n<p style=\"font-size:15px\"><strong>Gemeindep\u00e4dagogin Laura Musche<\/strong><br>0171 45 31 345<br><a rel=\"noreferrer noopener\" href=\"mailto:laura.musche@elkm.de\" target=\"_blank\">laura.musche@elkm.de<\/a><\/p>\n<\/div><\/div>\n\n\n\n<div style=\"height:20px\" aria-hidden=\"true\" class=\"wp-block-spacer\"><\/div>\n\n\n\n<div class=\"wp-block-media-text alignwide is-stacked-on-mobile\" style=\"grid-template-columns:15% auto\"><figure class=\"wp-block-media-text__media\"><img loading=\"lazy\" decoding=\"async\" width=\"1024\" height=\"1024\" src=\"https:\/\/neustrelitz-evangelisch.de\/wp-content\/uploads\/2020\/07\/Natalia-Gamsulewa_scaled-1024x1024.jpg\" alt=\"Kirchenmusikerin Natalia Gamsulewa\" class=\"wp-image-678 size-full\" srcset=\"https:\/\/neustrelitz-evangelisch.de\/wp-content\/uploads\/2020\/07\/Natalia-Gamsulewa_scaled-1024x1024.jpg 1024w, https:\/\/neustrelitz-evangelisch.de\/wp-content\/uploads\/2020\/07\/Natalia-Gamsulewa_scaled-300x300.jpg 300w, https:\/\/neustrelitz-evangelisch.de\/wp-content\/uploads\/2020\/07\/Natalia-Gamsulewa_scaled-150x150.jpg 150w, https:\/\/neustrelitz-evangelisch.de\/wp-content\/uploads\/2020\/07\/Natalia-Gamsulewa_scaled-768x768.jpg 768w, https:\/\/neustrelitz-evangelisch.de\/wp-content\/uploads\/2020\/07\/Natalia-Gamsulewa_scaled.jpg 1511w\" sizes=\"auto, (max-width: 1024px) 100vw, 1024px\" \/><\/figure><div class=\"wp-block-media-text__content\">\n<p class=\"has-normal-font-size\"><strong>Kirchenmusikerin Natalia Gamsulewa<\/strong><br>03981 47 49 02\u202c<\/p>\n<\/div><\/div>\n\n\n\n<div style=\"height:20px\" aria-hidden=\"true\" class=\"wp-block-spacer\"><\/div>\n\n\n\n<div class=\"wp-block-media-text alignwide is-stacked-on-mobile\" style=\"grid-template-columns:15% auto\"><figure class=\"wp-block-media-text__media\"><img loading=\"lazy\" decoding=\"async\" width=\"1024\" height=\"761\" src=\"https:\/\/neustrelitz-evangelisch.de\/wp-content\/uploads\/2020\/07\/Ku\u0308ster-Ju\u0308rgen-Kru\u0308ger-1024x761.jpg\" alt=\"K\u00fcster J\u00fcrgen Kr\u00fcger\" class=\"wp-image-675 size-full\" srcset=\"https:\/\/neustrelitz-evangelisch.de\/wp-content\/uploads\/2020\/07\/Ku\u0308ster-Ju\u0308rgen-Kru\u0308ger-1024x761.jpg 1024w, https:\/\/neustrelitz-evangelisch.de\/wp-content\/uploads\/2020\/07\/Ku\u0308ster-Ju\u0308rgen-Kru\u0308ger-300x223.jpg 300w, https:\/\/neustrelitz-evangelisch.de\/wp-content\/uploads\/2020\/07\/Ku\u0308ster-Ju\u0308rgen-Kru\u0308ger-768x571.jpg 768w, https:\/\/neustrelitz-evangelisch.de\/wp-content\/uploads\/2020\/07\/Ku\u0308ster-Ju\u0308rgen-Kru\u0308ger-1536x1142.jpg 1536w, https:\/\/neustrelitz-evangelisch.de\/wp-content\/uploads\/2020\/07\/Ku\u0308ster-Ju\u0308rgen-Kru\u0308ger.jpg 1836w\" sizes=\"auto, (max-width: 1024px) 100vw, 1024px\" \/><\/figure><div class=\"wp-block-media-text__content\">\n<p class=\"has-normal-font-size\"><strong>K\u00fcster J\u00fcrgen Kr\u00fcger<\/strong><br>03981 244 90 32<\/p>\n<\/div><\/div>\n","protected":false},"excerpt":{"rendered":"<p>Kirchengemeinde Strelitzer Land Neustrelitz Pfarre I \u2013 Stadt Gemeindeb\u00fcro BorwinheimBruchstra\u00dfe 1517235 NeustrelitzDi und Fr 10\u201312 Uhr03981 20 55 42strelitzer-land@elkm.de Pastor Christoph FeldkampBruchstra\u00dfe 15 17235 Neustrelitz03981 20 55 42 oder 0160 62 16 523christoph.feldkamp@elkm.de Kantor Lukas Storch0162 215 59 39lukas.storch@elkm.de Gemeindep\u00e4dagogin Katrin Hofmann03981 20 23 83katrin.hofmann@elkm.de K\u00fcster Dietmar M\u00f6ller03981 20 55 42 Neustrelitz Pfarre II \u2013 [&hellip;]<\/p>\n","protected":false},"author":4,"featured_media":0,"parent":0,"menu_order":0,"comment_status":"closed","ping_status":"closed","template":"page-full.php","meta":{"footnotes":""},"class_list":["post-38","page","type-page","status-publish","hentry"],"_links":{"self":[{"href":"https:\/\/neustrelitz-evangelisch.de\/index.php\/wp-json\/wp\/v2\/pages\/38","targetHints":{"allow":["GET"]}}],"collection":[{"href":"https:\/\/neustrelitz-evangelisch.de\/index.php\/wp-json\/wp\/v2\/pages"}],"about":[{"href":"https:\/\/neustrelitz-evangelisch.de\/index.php\/wp-json\/wp\/v2\/types\/page"}],"author":[{"embeddable":true,"href":"https:\/\/neustrelitz-evangelisch.de\/index.php\/wp-json\/wp\/v2\/users\/4"}],"replies":[{"embeddable":true,"href":"https:\/\/neustrelitz-evangelisch.de\/index.php\/wp-json\/wp\/v2\/comments?post=38"}],"version-history":[{"count":60,"href":"https:\/\/neustrelitz-evangelisch.de\/index.php\/wp-json\/wp\/v2\/pages\/38\/revisions"}],"predecessor-version":[{"id":2896,"href":"https:\/\/neustrelitz-evangelisch.de\/index.php\/wp-json\/wp\/v2\/pages\/38\/revisions\/2896"}],"wp:attachment":[{"href":"https:\/\/neustrelitz-evangelisch.de\/index.php\/wp-json\/wp\/v2\/media?parent=38"}],"curies":[{"name":"wp","href":"https:\/\/api.w.org\/{rel}","templated":true}]}}