{"id":57,"date":"2019-11-21T10:46:38","date_gmt":"2019-11-21T09:46:38","guid":{"rendered":"https:\/\/neustrelitz-evangelisch.de\/?page_id=57"},"modified":"2025-11-13T17:38:55","modified_gmt":"2025-11-13T16:38:55","slug":"kratzeburg","status":"publish","type":"page","link":"https:\/\/neustrelitz-evangelisch.de\/index.php\/kratzeburg\/","title":{"rendered":"Kirchengemeinde Kratzeburg"},"content":{"rendered":"\n<figure class=\"wp-block-image size-large is-resized\"><img decoding=\"async\" loading=\"lazy\" src=\"https:\/\/neustrelitz-evangelisch.de\/wp-content\/uploads\/2023\/03\/Kirchgemeinderat-Kratzeburg-1024x514.jpg\" alt=\"\" class=\"wp-image-2354\" width=\"822\" height=\"412\" srcset=\"https:\/\/neustrelitz-evangelisch.de\/wp-content\/uploads\/2023\/03\/Kirchgemeinderat-Kratzeburg-1024x514.jpg 1024w, https:\/\/neustrelitz-evangelisch.de\/wp-content\/uploads\/2023\/03\/Kirchgemeinderat-Kratzeburg-300x151.jpg 300w, https:\/\/neustrelitz-evangelisch.de\/wp-content\/uploads\/2023\/03\/Kirchgemeinderat-Kratzeburg-768x386.jpg 768w, https:\/\/neustrelitz-evangelisch.de\/wp-content\/uploads\/2023\/03\/Kirchgemeinderat-Kratzeburg-1536x772.jpg 1536w, https:\/\/neustrelitz-evangelisch.de\/wp-content\/uploads\/2023\/03\/Kirchgemeinderat-Kratzeburg-2048x1029.jpg 2048w\" sizes=\"(max-width: 822px) 100vw, 822px\" \/><figcaption class=\"wp-element-caption\">Kirchengemeinderat Kratzeburg (v. l. n. r.:  Sabine Hecht, Heidi Mazurek, Martin L\u00fcdemann, Lutz Pietschmann, Eckhard Geier, Silke Berkholz, Pn. Katharina Rosenow)<\/figcaption><\/figure>\n\n\n\n<p><\/p>\n\n\n\n<p>In unserer Ev.-Luth. Kirchengemeinde Kratzeburg befinden sich die Orte bzw. Ortsteile Dalmsdorf, Dambeck, Granzin, Granziner M\u00fchle, Henningsdorf, Kratzeburg, Krienke, Langhagen und Pieverstorf.  Seit 2010 sind wir mit der Kirchengemeinde Neustrelitz-Kiefernheide verbunden.  <\/p>\n\n\n\n<p>Sowohl Einheimische, als auch viele Touristen genie\u00dfen die wundersch\u00f6ne Natur des M\u00fcritz-Nationalparks, die zu Fu\u00df, mit dem Rad oder per Boot erkundet und genossen werden kann.  Wir als Kirchengemeinde gestalten mit und schaffen, auch in Kooperation mit der Ortsgemeinde, immer wieder kleine und gr\u00f6\u00dfere Angebote und Highlights: Regelm\u00e4\u00dfige <a href=\"https:\/\/neustrelitz-evangelisch.de\/wp-content\/uploads\/2025\/11\/November-2025-bis-Januar-2026.pdf\" data-type=\"attachment\" data-id=\"3195\">Gottesdienste<\/a>, Konzerte unterschiedlichster Stilrichtungen, Veranstaltungen auf unserem Insektenpflanzen-Kirchhof Granzin, in der Hauptsaison w\u00f6chentliche <a href=\"https:\/\/neustrelitz-evangelisch.de\/wp-content\/uploads\/2025\/11\/November-2025-bis-Januar-2026.pdf\" data-type=\"attachment\" data-id=\"3195\">Flimmerscheunenfilme<\/a> in der urigen Pfarrscheune Kratzeburg mit anschlie\u00dfender Taiz\u00e9andacht in der Kirche, Erntedankfest, Weltgebetstag, Vorlesenacht \u2026  <\/p>\n\n\n\n<p>Wir freuen uns, Sie bei unseren Veranstaltungen begr\u00fc\u00dfen zu d\u00fcrfen. Und vielleicht haben auch Sie selbst Ideen und\/oder Lust und Zeit mit zu gestalten?  <\/p>\n\n\n\n<p>Herzlich willkommen! <\/p>\n\n\n\n<figure class=\"wp-block-image size-large is-resized\"><img decoding=\"async\" loading=\"lazy\" src=\"https:\/\/neustrelitz-evangelisch.de\/wp-content\/uploads\/2019\/12\/dorfkirche-kratzeburg-1024x768.jpg\" alt=\"\" class=\"wp-image-322\" width=\"1024\" height=\"768\" srcset=\"https:\/\/neustrelitz-evangelisch.de\/wp-content\/uploads\/2019\/12\/dorfkirche-kratzeburg-1024x768.jpg 1024w, https:\/\/neustrelitz-evangelisch.de\/wp-content\/uploads\/2019\/12\/dorfkirche-kratzeburg-300x225.jpg 300w, https:\/\/neustrelitz-evangelisch.de\/wp-content\/uploads\/2019\/12\/dorfkirche-kratzeburg-768x576.jpg 768w, https:\/\/neustrelitz-evangelisch.de\/wp-content\/uploads\/2019\/12\/dorfkirche-kratzeburg.jpg 1200w\" sizes=\"(max-width: 1024px) 100vw, 1024px\" \/><figcaption class=\"wp-element-caption\">Dorfkirche Kratzeburg<\/figcaption><\/figure>\n\n\n\n<p><\/p>\n\n\n\n<figure class=\"wp-block-image size-large\"><img decoding=\"async\" loading=\"lazy\" width=\"1024\" height=\"761\" src=\"https:\/\/neustrelitz-evangelisch.de\/wp-content\/uploads\/2023\/03\/Granzin-Mai-2021-1024x761.jpg\" alt=\"\" class=\"wp-image-2360\" srcset=\"https:\/\/neustrelitz-evangelisch.de\/wp-content\/uploads\/2023\/03\/Granzin-Mai-2021-1024x761.jpg 1024w, https:\/\/neustrelitz-evangelisch.de\/wp-content\/uploads\/2023\/03\/Granzin-Mai-2021-300x223.jpg 300w, https:\/\/neustrelitz-evangelisch.de\/wp-content\/uploads\/2023\/03\/Granzin-Mai-2021-768x571.jpg 768w, https:\/\/neustrelitz-evangelisch.de\/wp-content\/uploads\/2023\/03\/Granzin-Mai-2021-1536x1142.jpg 1536w, https:\/\/neustrelitz-evangelisch.de\/wp-content\/uploads\/2023\/03\/Granzin-Mai-2021-2048x1523.jpg 2048w\" sizes=\"(max-width: 1024px) 100vw, 1024px\" \/><figcaption class=\"wp-element-caption\">Dorfkirche Granzin (Foto: M. Fuhrmann)<\/figcaption><\/figure>\n\n\n\n<h2>Kontakt<\/h2>\n\n\n\n<p><a href=\"https:\/\/neustrelitz-evangelisch.de\/index.php\/kontakt\/\">Hier geht es zu den Kontakten<\/a><\/p>\n","protected":false},"excerpt":{"rendered":"<p>In unserer Ev.-Luth. Kirchengemeinde Kratzeburg befinden sich die Orte bzw. Ortsteile Dalmsdorf, Dambeck, Granzin, Granziner M\u00fchle, Henningsdorf, Kratzeburg, Krienke, Langhagen und Pieverstorf. Seit 2010 sind wir mit der Kirchengemeinde Neustrelitz-Kiefernheide verbunden. Sowohl Einheimische, als auch viele Touristen genie\u00dfen die wundersch\u00f6ne Natur des M\u00fcritz-Nationalparks, die zu Fu\u00df, mit dem Rad oder per Boot erkundet und genossen [&hellip;]<\/p>\n","protected":false},"author":1,"featured_media":0,"parent":0,"menu_order":0,"comment_status":"closed","ping_status":"closed","template":"page-full.php","meta":[],"_links":{"self":[{"href":"https:\/\/neustrelitz-evangelisch.de\/index.php\/wp-json\/wp\/v2\/pages\/57"}],"collection":[{"href":"https:\/\/neustrelitz-evangelisch.de\/index.php\/wp-json\/wp\/v2\/pages"}],"about":[{"href":"https:\/\/neustrelitz-evangelisch.de\/index.php\/wp-json\/wp\/v2\/types\/page"}],"author":[{"embeddable":true,"href":"https:\/\/neustrelitz-evangelisch.de\/index.php\/wp-json\/wp\/v2\/users\/1"}],"replies":[{"embeddable":true,"href":"https:\/\/neustrelitz-evangelisch.de\/index.php\/wp-json\/wp\/v2\/comments?post=57"}],"version-history":[{"count":44,"href":"https:\/\/neustrelitz-evangelisch.de\/index.php\/wp-json\/wp\/v2\/pages\/57\/revisions"}],"predecessor-version":[{"id":3197,"href":"https:\/\/neustrelitz-evangelisch.de\/index.php\/wp-json\/wp\/v2\/pages\/57\/revisions\/3197"}],"wp:attachment":[{"href":"https:\/\/neustrelitz-evangelisch.de\/index.php\/wp-json\/wp\/v2\/media?parent=57"}],"curies":[{"name":"wp","href":"https:\/\/api.w.org\/{rel}","templated":true}]}}