{"id":76,"date":"2019-11-21T12:32:09","date_gmt":"2019-11-21T11:32:09","guid":{"rendered":"https:\/\/neustrelitz-evangelisch.de\/?page_id=76"},"modified":"2025-10-14T12:15:06","modified_gmt":"2025-10-14T11:15:06","slug":"singakademie-neustrelitz","status":"publish","type":"page","link":"https:\/\/neustrelitz-evangelisch.de\/index.php\/singakademie-neustrelitz\/","title":{"rendered":"Singakademie Neustrelitz (gegr. 1840)"},"content":{"rendered":"\n<p>Die Singakademie Neustrelitz ist der gro\u00dfe Kirchenchor der Kirchengemeinde Strelitzer Land, dessen Mitglieder aus Neustrelitz und der weiteren Umgebung kommen. Der Schwerpunkt der chorischen Arbeit liegt dabei auf gro\u00dfen chorsinfonischen Oratorien. Allerdings werden in regelm\u00e4\u00dfigen Abst\u00e4nden auch anspruchsvolle A-Cappella-Chorwerke einstudiert und aufgef\u00fchrt. In humorvoller und lockerer Atmosph\u00e4re studieren die \u00fcber 90 S\u00e4ngerinnen und S\u00e4nger die St\u00fccke ein, welche in Gottesdiensten der Kirchengemeinde und in Konzerten in der Stadtkirche Neustrelitz zur Auff\u00fchrung gebracht werden. <\/p>\n\n\n\n<p>Zus\u00e4tzlich zur eigentlichen Probenarbeit gibt es die M\u00f6glichkeit, die eigene Stimme und ihre Funktion in der Stimmbildung bei Barbara Gepp genauer kennenzulernen. <br>Neue motivierte S\u00e4ngerinnen und S\u00e4nger sind immer herzlich willkommen und k\u00f6nnen im Vorfeld gerne mit Lukas Storch Kontakt aufnehmen.<\/p>\n\n\n\n<p><strong>Proben:<\/strong><\/p>\n\n\n\n<p><strong>montags 19.00\u201321.00 Uhr<\/strong>  <br>S<strong>aal im Borwinheim<\/strong>, Bruchstra\u00dfe 15, 17235 Neustrelitz;<br>fakultative Stimmbildung vorher von <strong>18.15\u201318.45 Uhr<\/strong> bei Barbara Gepp<\/p>\n\n\n\n<p>Leitung: Kantor <a href=\"https:\/\/neustrelitz-evangelisch.de\/index.php\/kontakt\/\">Lukas Storch<\/a><\/p>\n\n\n\n<p><strong>Derzeit probt der Chor folgende Werke:<\/strong><\/p>\n\n\n\n<p>J. S. Bach: Weihnachtsoratorium, Kantaten 1\u20133 (Konzert am 13.12.2025)<\/p>\n\n\n\n<p>J. S. Bach: Johannespassion (Konzert am 29.03.2026)<\/p>\n","protected":false},"excerpt":{"rendered":"<p>Die Singakademie Neustrelitz ist der gro\u00dfe Kirchenchor der Kirchengemeinde Strelitzer Land, dessen Mitglieder aus Neustrelitz und der weiteren Umgebung kommen. Der Schwerpunkt der chorischen Arbeit liegt dabei auf gro\u00dfen chorsinfonischen Oratorien. Allerdings werden in regelm\u00e4\u00dfigen Abst\u00e4nden auch anspruchsvolle A-Cappella-Chorwerke einstudiert und aufgef\u00fchrt. In humorvoller und lockerer Atmosph\u00e4re studieren die \u00fcber 90 S\u00e4ngerinnen und S\u00e4nger die [&hellip;]<\/p>\n","protected":false},"author":1,"featured_media":0,"parent":0,"menu_order":0,"comment_status":"closed","ping_status":"closed","template":"","meta":{"footnotes":""},"class_list":["post-76","page","type-page","status-publish","hentry"],"_links":{"self":[{"href":"https:\/\/neustrelitz-evangelisch.de\/index.php\/wp-json\/wp\/v2\/pages\/76","targetHints":{"allow":["GET"]}}],"collection":[{"href":"https:\/\/neustrelitz-evangelisch.de\/index.php\/wp-json\/wp\/v2\/pages"}],"about":[{"href":"https:\/\/neustrelitz-evangelisch.de\/index.php\/wp-json\/wp\/v2\/types\/page"}],"author":[{"embeddable":true,"href":"https:\/\/neustrelitz-evangelisch.de\/index.php\/wp-json\/wp\/v2\/users\/1"}],"replies":[{"embeddable":true,"href":"https:\/\/neustrelitz-evangelisch.de\/index.php\/wp-json\/wp\/v2\/comments?post=76"}],"version-history":[{"count":13,"href":"https:\/\/neustrelitz-evangelisch.de\/index.php\/wp-json\/wp\/v2\/pages\/76\/revisions"}],"predecessor-version":[{"id":3167,"href":"https:\/\/neustrelitz-evangelisch.de\/index.php\/wp-json\/wp\/v2\/pages\/76\/revisions\/3167"}],"wp:attachment":[{"href":"https:\/\/neustrelitz-evangelisch.de\/index.php\/wp-json\/wp\/v2\/media?parent=76"}],"curies":[{"name":"wp","href":"https:\/\/api.w.org\/{rel}","templated":true}]}}